    {"id":102,"date":"2025-06-29T14:50:41","date_gmt":"2025-06-29T14:50:41","guid":{"rendered":"https:\/\/driztrail.com\/?page_id=102"},"modified":"2025-06-29T17:21:40","modified_gmt":"2025-06-29T17:21:40","slug":"contact","status":"publish","type":"page","link":"https:\/\/driztrail.com\/bs\/contact\/","title":{"rendered":"Kontakt"},"content":{"rendered":"<p>Hvala vam na posjeti <strong>DrizTrail<\/strong>, va\u0161a pouzdana platforma za digitalne uvide, inovacije sadr\u017eaja i nove trendove. Zaista cijenimo va\u0161e poruke i tu smo da vas podr\u017eimo, pove\u017eemo se s vama i sara\u0111ujemo s vama.<\/p>\n\n\n\n<h3 class=\"wp-block-heading\"><strong>Op\u0107i upiti<\/strong><\/h3>\n\n\n\n<p>Imate pitanje o <strong>DrizTrail<\/strong> ili nas samo \u017eelite kontaktirati? Po\u0161aljite nam e-mail na <strong><a>kontakt@driztrail.com<\/a><\/strong><br>Volimo \u010duti od na\u0161e zajednice i javit \u0107emo vam se \u010dim prije budemo mogli.<\/p>\n\n\n\n<h3 class=\"wp-block-heading\"><strong>Prijedlozi i doprinosi sadr\u017eaja<\/strong><\/h3>\n\n\n\n<p>Imate li ideju za novi \u010dlanak? \u017delite li podijeliti svoje stru\u010dno znanje ili predlo\u017eiti temu koju bismo trebali obraditi? Kontaktirajte nas <strong><a>editor@driztrail.com<\/a><\/strong><br>Uvijek tra\u017eimo nove perspektive i glasove u svijetu tehnologije, komunikacije i digitalnog sadr\u017eaja.<\/p>\n\n\n\n<h3 class=\"wp-block-heading\"><strong>Tehni\u010dka podr\u0161ka<\/strong><\/h3>\n\n\n\n<p>Ako imate bilo kakvih problema s na\u0161om platformom ili vam je potrebna pomo\u0107 pri pristupu sadr\u017eaju, slobodno nas kontaktirajte na <strong><a>support@driztrail.com<\/a><\/strong><br>Tu smo da osiguramo va\u0161e iskustvo sa <strong>DrizTrail<\/strong> je \u0161to je mogu\u0107e glatkiji.<\/p>\n\n\n\n<h3 class=\"wp-block-heading\"><strong>Ostanite povezani<\/strong><\/h3>\n\n\n\n<p><strong>DrizTrail<\/strong> je platforma prvenstveno digitalna, izgra\u0111ena za \u010ditatelje, kreatore i znati\u017eeljne umove \u0161irom svijeta. Iako ne poslujemo iz fizi\u010dke kancelarije, uvijek smo online - spremni da vas saslu\u0161amo, podr\u017eimo i rastemo s vama.<\/p>\n\n\n\n<p>Hvala jo\u0161 jednom \u0161to ste dio <strong>DrizTrail<\/strong> zajednica. Radujemo se Va\u0161em odgovoru!<\/p>\n\n\n\n<p><strong>Srda\u010dan pozdrav,<\/strong><br><strong>Tim DrizTraila<\/strong><\/p>","protected":false},"excerpt":{"rendered":"<p>Thank you for visiting DrizTrail, your trusted platform for digital insights, content innovation, and emerging trends. We truly value your messages and are here to support, connect, and collaborate with you. General Inquiries Have a question about DrizTrail or just want to reach out? Email us at contact@driztrail.comWe love hearing from our community and will [&hellip;]<\/p>","protected":false},"author":198,"featured_media":0,"parent":0,"menu_order":0,"comment_status":"closed","ping_status":"closed","template":"","meta":{"footnotes":""},"_links":{"self":[{"href":"https:\/\/driztrail.com\/bs\/wp-json\/wp\/v2\/pages\/102"}],"collection":[{"href":"https:\/\/driztrail.com\/bs\/wp-json\/wp\/v2\/pages"}],"about":[{"href":"https:\/\/driztrail.com\/bs\/wp-json\/wp\/v2\/types\/page"}],"author":[{"embeddable":true,"href":"https:\/\/driztrail.com\/bs\/wp-json\/wp\/v2\/users\/198"}],"replies":[{"embeddable":true,"href":"https:\/\/driztrail.com\/bs\/wp-json\/wp\/v2\/comments?post=102"}],"version-history":[{"count":2,"href":"https:\/\/driztrail.com\/bs\/wp-json\/wp\/v2\/pages\/102\/revisions"}],"predecessor-version":[{"id":117,"href":"https:\/\/driztrail.com\/bs\/wp-json\/wp\/v2\/pages\/102\/revisions\/117"}],"wp:attachment":[{"href":"https:\/\/driztrail.com\/bs\/wp-json\/wp\/v2\/media?parent=102"}],"curies":[{"name":"wp","href":"https:\/\/api.w.org\/{rel}","templated":true}]}}