    {"id":100,"date":"2025-06-29T14:49:48","date_gmt":"2025-06-29T14:49:48","guid":{"rendered":"https:\/\/driztrail.com\/?page_id=100"},"modified":"2025-11-28T15:49:59","modified_gmt":"2025-11-28T15:49:59","slug":"about-us","status":"publish","type":"page","link":"https:\/\/driztrail.com\/cs\/about-us\/","title":{"rendered":"O n\u00e1s"},"content":{"rendered":"<h1 class=\"wp-block-heading\"><\/h1>\n\n\n\n<p><strong>V\u00edtejte na DrizTrailu \u2013 kde se zv\u011bdavost setk\u00e1v\u00e1 s jasnost\u00ed a ka\u017ed\u00fd vhled vede k objevu.<\/strong><br>A\u0165 u\u017e v\u00e1s v\u00e1\u0161niv\u011b bav\u00ed p\u0159\u00edroda, fascinuj\u00ed v\u00e1s technologie, motivuje v\u00e1s marketing, inspiruj\u00ed v\u00e1s inovace nebo v\u00e1s zaujalo lidsk\u00e9 chov\u00e1n\u00ed, DrizTrail je tu, aby v\u00e1s provedl cestou my\u0161lenkami, kter\u00e9 utv\u00e1\u0159ej\u00ed sv\u011bt.<\/p>\n\n\n\n<h2 class=\"wp-block-heading\"><strong>Co n\u00e1s pohne<\/strong><\/h2>\n\n\n\n<p>V DrizTrail v\u011b\u0159\u00edme, \u017ee znalosti jsou v\u00edc ne\u017e jen informace \u2013 je to zp\u016fsob, jak prozkoumat, jak sv\u011bt funguje.<br>Na\u0161\u00edm posl\u00e1n\u00edm je jednoduch\u00e9: vytv\u00e1\u0159et p\u0159\u00edstupn\u00e9 a dob\u0159e napsan\u00e9 \u010dl\u00e1nky, kter\u00e9 smyslupln\u011b propojuj\u00ed r\u016fznorod\u00e1 t\u00e9mata, jako je p\u0159\u00edroda, marketing, technologie, inovace a chov\u00e1n\u00ed.<\/p>\n\n\n\n<p>Na\u0161\u00edm c\u00edlem je podn\u00edtit zv\u011bdavost, podpo\u0159it kritick\u00e9 my\u0161len\u00ed a nab\u00eddnout \u010dten\u00e1\u0159\u016fm perspektivy, kter\u00e9 jim pomohou orientovat se v neust\u00e1le se m\u011bn\u00edc\u00edm sv\u011bt\u011b \u2013 jeden vhled za druh\u00fdm.<\/p>\n\n\n\n<h2 class=\"wp-block-heading\"><strong>Kdo jsme<\/strong><\/h2>\n\n\n\n<p>Jsme t\u00fdm spisovatel\u016f, v\u00fdzkumn\u00edk\u016f a tv\u016frc\u016f, kte\u0159\u00ed r\u00e1di p\u0159etv\u00e1\u0159ej\u00ed slo\u017eit\u00e9 my\u0161lenky do obsahu, kter\u00fd informuje, inspiruje a pout\u00e1.<br>DrizTrail se zrodil z touhy propojit p\u0159\u00edstupnou komunikaci s multidisciplin\u00e1rn\u00edmi znalostmi \u2013 od environment\u00e1ln\u00edch koncept\u016f po digit\u00e1ln\u00ed trendy, od lidsk\u00e9ho chov\u00e1n\u00ed po nov\u011b vznikaj\u00edc\u00ed technologie.<\/p>\n\n\n\n<p>Ka\u017ed\u00fd \u010dl\u00e1nek je vypracov\u00e1n s jasnost\u00ed, zodpov\u011bdnost\u00ed a redak\u010dn\u00ed integritou, p\u0159i\u010dem\u017e se sna\u017e\u00edme vyv\u00e1\u017eit relevanci s p\u0159esnost\u00ed.<\/p>\n\n\n\n<p>V\u00e1\u017e\u00edme si inkluze, transparentnosti a promy\u0161len\u00e9ho obsahu \u2013 a jsme odhodl\u00e1ni poskytovat spolehliv\u00e9 a dob\u0159e strukturovan\u00e9 \u010dl\u00e1nky \u010dten\u00e1\u0159\u016fm v\u0161ech prost\u0159ed\u00ed.<\/p>\n\n\n\n<h2 class=\"wp-block-heading\"><strong>P\u0159ipojte se k cest\u011b<\/strong><\/h2>\n\n\n\n<p>M\u00e1te t\u00e9ma, kter\u00e9 byste r\u00e1di prozkoumali? Chcete spolupracovat, p\u0159isp\u011bt nebo se pod\u011blit o sv\u016fj pohled na v\u011bc? R\u00e1di si od v\u00e1s vyslechneme.<br>DrizTrail roste s hlasy lid\u00ed, kte\u0159\u00ed v\u011b\u0159\u00ed v smyslupln\u00fd obsah \u2013 a to zahrnuje i v\u00e1s.<\/p>\n\n\n\n<p>Poj\u010fme spole\u010dn\u011b d\u00e1l \u2013 jeden n\u00e1pad, jeden vhled, jeden smyslupln\u00fd text po druh\u00e9m.<\/p>","protected":false},"excerpt":{"rendered":"<p>Welcome to DrizTrail \u2014 where curiosity meets clarity, and every insight leads to discovery.Whether you\u2019re passionate about nature, fascinated by technology, driven by marketing, inspired by innovation, or intrigued by human behavior, DrizTrail is here to guide your journey through ideas that shape the world. What moves us At DrizTrail, we believe knowledge is more [&hellip;]<\/p>","protected":false},"author":198,"featured_media":0,"parent":0,"menu_order":0,"comment_status":"closed","ping_status":"closed","template":"","meta":{"footnotes":""},"_links":{"self":[{"href":"https:\/\/driztrail.com\/cs\/wp-json\/wp\/v2\/pages\/100"}],"collection":[{"href":"https:\/\/driztrail.com\/cs\/wp-json\/wp\/v2\/pages"}],"about":[{"href":"https:\/\/driztrail.com\/cs\/wp-json\/wp\/v2\/types\/page"}],"author":[{"embeddable":true,"href":"https:\/\/driztrail.com\/cs\/wp-json\/wp\/v2\/users\/198"}],"replies":[{"embeddable":true,"href":"https:\/\/driztrail.com\/cs\/wp-json\/wp\/v2\/comments?post=100"}],"version-history":[{"count":2,"href":"https:\/\/driztrail.com\/cs\/wp-json\/wp\/v2\/pages\/100\/revisions"}],"predecessor-version":[{"id":1075,"href":"https:\/\/driztrail.com\/cs\/wp-json\/wp\/v2\/pages\/100\/revisions\/1075"}],"wp:attachment":[{"href":"https:\/\/driztrail.com\/cs\/wp-json\/wp\/v2\/media?parent=100"}],"curies":[{"name":"wp","href":"https:\/\/api.w.org\/{rel}","templated":true}]}}