    {"id":100,"date":"2025-06-29T14:49:48","date_gmt":"2025-06-29T14:49:48","guid":{"rendered":"https:\/\/driztrail.com\/?page_id=100"},"modified":"2025-11-28T15:49:59","modified_gmt":"2025-11-28T15:49:59","slug":"about-us","status":"publish","type":"page","link":"https:\/\/driztrail.com\/de\/about-us\/","title":{"rendered":"\u00dcber uns"},"content":{"rendered":"<h1 class=\"wp-block-heading\"><\/h1>\n\n\n\n<p><strong>Willkommen bei DrizTrail \u2013 wo Neugier auf Klarheit trifft und jede Erkenntnis zu einer neuen Entdeckung f\u00fchrt.<\/strong><br>Ob Sie sich f\u00fcr die Natur begeistern, von Technologie fasziniert sind, vom Marketing angetrieben werden, von Innovationen inspiriert sind oder sich f\u00fcr menschliches Verhalten interessieren \u2013 DrizTrail begleitet Sie auf Ihrer Reise durch Ideen, die die Welt pr\u00e4gen.<\/p>\n\n\n\n<h2 class=\"wp-block-heading\"><strong>Was uns bewegt<\/strong><\/h2>\n\n\n\n<p>Bei DrizTrail glauben wir, dass Wissen mehr ist als Information \u2013 es ist ein Weg, zu erforschen, wie die Welt funktioniert.<br>Unsere Mission ist einfach: Wir wollen zug\u00e4ngliche, gut geschriebene Artikel erstellen, die unterschiedliche Themen wie Natur, Marketing, Technologie, Innovation und Verhalten auf sinnvolle Weise miteinander verbinden.<\/p>\n\n\n\n<p>Unser Ziel ist es, Neugierde zu wecken, kritisches Denken zu f\u00f6rdern und Perspektiven zu bieten, die den Lesern helfen, sich in einer sich st\u00e4ndig ver\u00e4ndernden Welt zurechtzufinden \u2013 eine Erkenntnis nach der anderen.<\/p>\n\n\n\n<h2 class=\"wp-block-heading\"><strong>Wer wir sind<\/strong><\/h2>\n\n\n\n<p>Wir sind ein Team aus Autoren, Forschern und Kreativen, die Freude daran haben, komplexe Ideen in Inhalte zu verwandeln, die informieren, inspirieren und fesseln.<br>DrizTrail entstand aus dem Wunsch heraus, zug\u00e4ngliche Kommunikation mit multidisziplin\u00e4rem Wissen zu verbinden \u2013 von Umweltkonzepten bis zu digitalen Trends, vom menschlichen Verhalten bis zu neuen Technologien.<\/p>\n\n\n\n<p>Jeder Artikel wird mit Klarheit, Verantwortungsbewusstsein und redaktioneller Integrit\u00e4t verfasst, wobei Relevanz und Genauigkeit in Einklang gebracht werden.<\/p>\n\n\n\n<p>Wir legen Wert auf Inklusion, Transparenz und durchdachte Inhalte \u2013 und wir sind bestrebt, zuverl\u00e4ssige, gut strukturierte Artikel f\u00fcr Leser aller Hintergr\u00fcnde zu liefern.<\/p>\n\n\n\n<h2 class=\"wp-block-heading\"><strong>Begleiten Sie uns auf Ihrer Reise<\/strong><\/h2>\n\n\n\n<p>Haben Sie ein Thema, das Sie gerne n\u00e4her beleuchtet sehen w\u00fcrden? M\u00f6chten Sie mitarbeiten, einen Beitrag leisten oder Ihre Perspektive teilen? Wir freuen uns, von Ihnen zu h\u00f6ren.<br>DrizTrail w\u00e4chst mit den Stimmen derer, die an sinnvolle Inhalte glauben \u2013 und dazu geh\u00f6ren auch Sie.<\/p>\n\n\n\n<p>Lasst uns gemeinsam weitergehen \u2013 eine Idee, eine Erkenntnis, eine bedeutungsvolle Lekt\u00fcre nach der anderen.<\/p>","protected":false},"excerpt":{"rendered":"<p>Welcome to DrizTrail \u2014 where curiosity meets clarity, and every insight leads to discovery.Whether you\u2019re passionate about nature, fascinated by technology, driven by marketing, inspired by innovation, or intrigued by human behavior, DrizTrail is here to guide your journey through ideas that shape the world. What moves us At DrizTrail, we believe knowledge is more [&hellip;]<\/p>","protected":false},"author":198,"featured_media":0,"parent":0,"menu_order":0,"comment_status":"closed","ping_status":"closed","template":"","meta":{"footnotes":""},"_links":{"self":[{"href":"https:\/\/driztrail.com\/de\/wp-json\/wp\/v2\/pages\/100"}],"collection":[{"href":"https:\/\/driztrail.com\/de\/wp-json\/wp\/v2\/pages"}],"about":[{"href":"https:\/\/driztrail.com\/de\/wp-json\/wp\/v2\/types\/page"}],"author":[{"embeddable":true,"href":"https:\/\/driztrail.com\/de\/wp-json\/wp\/v2\/users\/198"}],"replies":[{"embeddable":true,"href":"https:\/\/driztrail.com\/de\/wp-json\/wp\/v2\/comments?post=100"}],"version-history":[{"count":2,"href":"https:\/\/driztrail.com\/de\/wp-json\/wp\/v2\/pages\/100\/revisions"}],"predecessor-version":[{"id":1075,"href":"https:\/\/driztrail.com\/de\/wp-json\/wp\/v2\/pages\/100\/revisions\/1075"}],"wp:attachment":[{"href":"https:\/\/driztrail.com\/de\/wp-json\/wp\/v2\/media?parent=100"}],"curies":[{"name":"wp","href":"https:\/\/api.w.org\/{rel}","templated":true}]}}