    {"id":102,"date":"2025-06-29T14:50:41","date_gmt":"2025-06-29T14:50:41","guid":{"rendered":"https:\/\/driztrail.com\/?page_id=102"},"modified":"2025-06-29T17:21:40","modified_gmt":"2025-06-29T17:21:40","slug":"contact","status":"publish","type":"page","link":"https:\/\/driztrail.com\/de\/contact\/","title":{"rendered":"Kontakt"},"content":{"rendered":"<p>Vielen Dank f\u00fcr Ihren Besuch <strong>DrizTrail<\/strong>, Ihre vertrauensw\u00fcrdige Plattform f\u00fcr digitale Einblicke, Content-Innovationen und neue Trends. Wir sch\u00e4tzen Ihre Nachrichten sehr und sind hier, um Sie zu unterst\u00fctzen, mit Ihnen in Kontakt zu treten und mit Ihnen zusammenzuarbeiten.<\/p>\n\n\n\n<h3 class=\"wp-block-heading\"><strong>Allgemeine Anfragen<\/strong><\/h3>\n\n\n\n<p>Haben Sie eine Frage zu <strong>DrizTrail<\/strong> oder m\u00f6chten Sie einfach Kontakt aufnehmen? Schreiben Sie uns eine E-Mail an <strong><a>contact@driztrail.com<\/a><\/strong><br>Wir freuen uns \u00fcber R\u00fcckmeldungen aus unserer Community und melden uns so schnell wie m\u00f6glich bei Ihnen.<\/p>\n\n\n\n<h3 class=\"wp-block-heading\"><strong>Inhaltsvorschl\u00e4ge und Beitr\u00e4ge<\/strong><\/h3>\n\n\n\n<p>Haben Sie eine Idee f\u00fcr einen neuen Artikel? M\u00f6chten Sie Ihr Fachwissen teilen oder ein Thema vorschlagen, das wir behandeln sollten? Kontaktieren Sie uns <strong><a>editor@driztrail.com<\/a><\/strong><br>Wir sind immer auf der Suche nach neuen Perspektiven und Stimmen in der Welt der Technologie, Kommunikation und digitalen Inhalte.<\/p>\n\n\n\n<h3 class=\"wp-block-heading\"><strong>Technische Unterst\u00fctzung<\/strong><\/h3>\n\n\n\n<p>Wenn Sie Probleme mit unserer Plattform haben oder Hilfe beim Zugriff auf Inhalte ben\u00f6tigen, z\u00f6gern Sie nicht, uns zu kontaktieren unter <strong><a>support@driztrail.com<\/a><\/strong><br>Wir sind hier, um Ihre Erfahrung mit <strong>DrizTrail<\/strong> ist so glatt wie m\u00f6glich.<\/p>\n\n\n\n<h3 class=\"wp-block-heading\"><strong>In Verbindung bleiben<\/strong><\/h3>\n\n\n\n<p><strong>DrizTrail<\/strong> ist eine digitale Plattform f\u00fcr Leser, Kreative und neugierige K\u00f6pfe auf der ganzen Welt. Wir haben zwar kein physisches B\u00fcro, sind aber immer online \u2013 bereit, Ihnen zuzuh\u00f6ren, Sie zu unterst\u00fctzen und gemeinsam mit Ihnen zu wachsen.<\/p>\n\n\n\n<p>Nochmals vielen Dank, dass Sie Teil der <strong>DrizTrail<\/strong> Community. Wir freuen uns auf Ihre Kontaktaufnahme!<\/p>\n\n\n\n<p><strong>Herzliche Gr\u00fc\u00dfe,<\/strong><br><strong>Das DrizTrail-Team<\/strong><\/p>","protected":false},"excerpt":{"rendered":"<p>Thank you for visiting DrizTrail, your trusted platform for digital insights, content innovation, and emerging trends. We truly value your messages and are here to support, connect, and collaborate with you. General Inquiries Have a question about DrizTrail or just want to reach out? Email us at contact@driztrail.comWe love hearing from our community and will [&hellip;]<\/p>","protected":false},"author":198,"featured_media":0,"parent":0,"menu_order":0,"comment_status":"closed","ping_status":"closed","template":"","meta":{"footnotes":""},"_links":{"self":[{"href":"https:\/\/driztrail.com\/de\/wp-json\/wp\/v2\/pages\/102"}],"collection":[{"href":"https:\/\/driztrail.com\/de\/wp-json\/wp\/v2\/pages"}],"about":[{"href":"https:\/\/driztrail.com\/de\/wp-json\/wp\/v2\/types\/page"}],"author":[{"embeddable":true,"href":"https:\/\/driztrail.com\/de\/wp-json\/wp\/v2\/users\/198"}],"replies":[{"embeddable":true,"href":"https:\/\/driztrail.com\/de\/wp-json\/wp\/v2\/comments?post=102"}],"version-history":[{"count":2,"href":"https:\/\/driztrail.com\/de\/wp-json\/wp\/v2\/pages\/102\/revisions"}],"predecessor-version":[{"id":117,"href":"https:\/\/driztrail.com\/de\/wp-json\/wp\/v2\/pages\/102\/revisions\/117"}],"wp:attachment":[{"href":"https:\/\/driztrail.com\/de\/wp-json\/wp\/v2\/media?parent=102"}],"curies":[{"name":"wp","href":"https:\/\/api.w.org\/{rel}","templated":true}]}}