    {"id":100,"date":"2025-06-29T14:49:48","date_gmt":"2025-06-29T14:49:48","guid":{"rendered":"https:\/\/driztrail.com\/?page_id=100"},"modified":"2025-11-28T15:49:59","modified_gmt":"2025-11-28T15:49:59","slug":"about-us","status":"publish","type":"page","link":"https:\/\/driztrail.com\/es\/about-us\/","title":{"rendered":"Sobre nosotros"},"content":{"rendered":"<h1 class=\"wp-block-heading\"><\/h1>\n\n\n\n<p><strong>Bienvenido a DrizTrail, donde la curiosidad se encuentra con la claridad y cada conocimiento conduce al descubrimiento.<\/strong><br>Ya sea que le apasione la naturaleza, le fascine la tecnolog\u00eda, le impulse el marketing, le inspire la innovaci\u00f3n o le intrigue el comportamiento humano, DrizTrail est\u00e1 aqu\u00ed para guiar su viaje a trav\u00e9s de ideas que dan forma al mundo.<\/p>\n\n\n\n<h2 class=\"wp-block-heading\"><strong>Lo que nos mueve<\/strong><\/h2>\n\n\n\n<p>En DrizTrail, creemos que el conocimiento es m\u00e1s que informaci\u00f3n: es una forma de explorar c\u00f3mo funciona el mundo.<br>Nuestra misi\u00f3n es simple: crear art\u00edculos accesibles y bien elaborados que conecten diversos temas como la naturaleza, el marketing, la tecnolog\u00eda, la innovaci\u00f3n y el comportamiento de una manera significativa.<\/p>\n\n\n\n<p>Nuestro objetivo es despertar la curiosidad, alentar el pensamiento cr\u00edtico y ofrecer perspectivas que ayuden a los lectores a navegar en un mundo en constante cambio, una perspectiva a la vez.<\/p>\n\n\n\n<h2 class=\"wp-block-heading\"><strong>Quienes somos<\/strong><\/h2>\n\n\n\n<p>Somos un equipo de escritores, investigadores y creadores que disfrutamos transformar ideas complejas en contenido que informa, inspira y atrae.<br>DrizTrail naci\u00f3 del deseo de combinar la comunicaci\u00f3n accesible con el conocimiento multidisciplinario: desde conceptos ambientales hasta tendencias digitales, desde el comportamiento humano hasta las tecnolog\u00edas emergentes.<\/p>\n\n\n\n<p>Cada art\u00edculo se desarrolla con claridad, responsabilidad e integridad editorial, equilibrando la relevancia con la precisi\u00f3n.<\/p>\n\n\n\n<p>Valoramos la inclusi\u00f3n, la transparencia y el contenido reflexivo, y estamos comprometidos a ofrecer art\u00edculos confiables y bien estructurados para lectores de todos los or\u00edgenes.<\/p>\n\n\n\n<h2 class=\"wp-block-heading\"><strong>\u00danete al viaje<\/strong><\/h2>\n\n\n\n<p>\u00bfTienes un tema que te gustar\u00eda que se explorara? \u00bfQuieres colaborar, contribuir o compartir tu perspectiva? Nos encantar\u00eda saber de ti.<br>DrizTrail crece con las voces de personas que creen en el contenido con prop\u00f3sito, y eso te incluye a ti.<\/p>\n\n\n\n<p>Vayamos m\u00e1s all\u00e1, juntos: una idea, una percepci\u00f3n, una lectura significativa a la vez.<\/p>","protected":false},"excerpt":{"rendered":"<p>Welcome to DrizTrail \u2014 where curiosity meets clarity, and every insight leads to discovery.Whether you\u2019re passionate about nature, fascinated by technology, driven by marketing, inspired by innovation, or intrigued by human behavior, DrizTrail is here to guide your journey through ideas that shape the world. What moves us At DrizTrail, we believe knowledge is more [&hellip;]<\/p>","protected":false},"author":198,"featured_media":0,"parent":0,"menu_order":0,"comment_status":"closed","ping_status":"closed","template":"","meta":{"footnotes":""},"_links":{"self":[{"href":"https:\/\/driztrail.com\/es\/wp-json\/wp\/v2\/pages\/100"}],"collection":[{"href":"https:\/\/driztrail.com\/es\/wp-json\/wp\/v2\/pages"}],"about":[{"href":"https:\/\/driztrail.com\/es\/wp-json\/wp\/v2\/types\/page"}],"author":[{"embeddable":true,"href":"https:\/\/driztrail.com\/es\/wp-json\/wp\/v2\/users\/198"}],"replies":[{"embeddable":true,"href":"https:\/\/driztrail.com\/es\/wp-json\/wp\/v2\/comments?post=100"}],"version-history":[{"count":2,"href":"https:\/\/driztrail.com\/es\/wp-json\/wp\/v2\/pages\/100\/revisions"}],"predecessor-version":[{"id":1075,"href":"https:\/\/driztrail.com\/es\/wp-json\/wp\/v2\/pages\/100\/revisions\/1075"}],"wp:attachment":[{"href":"https:\/\/driztrail.com\/es\/wp-json\/wp\/v2\/media?parent=100"}],"curies":[{"name":"wp","href":"https:\/\/api.w.org\/{rel}","templated":true}]}}