    {"id":102,"date":"2025-06-29T14:50:41","date_gmt":"2025-06-29T14:50:41","guid":{"rendered":"https:\/\/driztrail.com\/?page_id=102"},"modified":"2025-06-29T17:21:40","modified_gmt":"2025-06-29T17:21:40","slug":"contact","status":"publish","type":"page","link":"https:\/\/driztrail.com\/es\/contact\/","title":{"rendered":"Contacto"},"content":{"rendered":"<p>Gracias por visitarnos <strong>DrizTrail<\/strong>, tu plataforma de confianza para informaci\u00f3n digital, innovaci\u00f3n de contenido y tendencias emergentes. Valoramos mucho tus mensajes y estamos aqu\u00ed para apoyarte, conectarte y colaborar contigo.<\/p>\n\n\n\n<h3 class=\"wp-block-heading\"><strong>Consultas generales<\/strong><\/h3>\n\n\n\n<p>\u00bfTienes alguna pregunta sobre? <strong>DrizTrail<\/strong> \u00bfO simplemente quieres contactarnos? Env\u00edanos un correo electr\u00f3nico a <strong><a>contacto@driztrail.com<\/a><\/strong><br>Nos encanta escuchar de nuestra comunidad y nos comunicaremos con usted lo antes posible.<\/p>\n\n\n\n<h3 class=\"wp-block-heading\"><strong>Sugerencias y contribuciones de contenido<\/strong><\/h3>\n\n\n\n<p>\u00bfTienes una idea para un nuevo art\u00edculo? \u00bfQuieres compartir tu experiencia o sugerir un tema que deber\u00edamos tratar? Cont\u00e1ctanos. <strong><a>editor@driztrail.com<\/a><\/strong><br>Siempre estamos buscando nuevas perspectivas y voces en el mundo de la tecnolog\u00eda, la comunicaci\u00f3n y el contenido digital.<\/p>\n\n\n\n<h3 class=\"wp-block-heading\"><strong>Apoyo t\u00e9cnico<\/strong><\/h3>\n\n\n\n<p>Si tiene alg\u00fan problema con nuestra plataforma o necesita ayuda para acceder al contenido, no dude en contactarnos en <strong><a>soporte@driztrail.com<\/a><\/strong><br>Estamos aqu\u00ed para garantizar su experiencia con <strong>DrizTrail<\/strong> Es lo m\u00e1s suave posible.<\/p>\n\n\n\n<h3 class=\"wp-block-heading\"><strong>Mantente conectado<\/strong><\/h3>\n\n\n\n<p><strong>DrizTrail<\/strong> Es una plataforma digital dise\u00f1ada para lectores, creadores y mentes curiosas de todo el mundo. Si bien no operamos desde una oficina f\u00edsica, siempre estamos en l\u00ednea, listos para escucharte, apoyarte y crecer contigo.<\/p>\n\n\n\n<p>Gracias nuevamente por ser parte de la <strong>DrizTrail<\/strong> Comunidad. \u00a1Esperamos saber de usted!<\/p>\n\n\n\n<p><strong>Un cordial saludo,<\/strong><br><strong>El equipo de DrizTrail<\/strong><\/p>","protected":false},"excerpt":{"rendered":"<p>Gracias por visitar DrizTrail, su plataforma de confianza para obtener informaci\u00f3n digital, innovaci\u00f3n de contenido y tendencias emergentes. Valoramos mucho sus mensajes y estamos aqu\u00ed para apoyarlos, conectar con ustedes y colaborar con ustedes. Consultas generales: \u00bfTiene alguna pregunta sobre DrizTrail o simplemente quiere contactarnos? Env\u00edenos un correo electr\u00f3nico a contact@driztrail.com. Nos encanta saber de nuestra comunidad y [\u2026]<\/p>","protected":false},"author":198,"featured_media":0,"parent":0,"menu_order":0,"comment_status":"closed","ping_status":"closed","template":"","meta":{"footnotes":""},"_links":{"self":[{"href":"https:\/\/driztrail.com\/es\/wp-json\/wp\/v2\/pages\/102"}],"collection":[{"href":"https:\/\/driztrail.com\/es\/wp-json\/wp\/v2\/pages"}],"about":[{"href":"https:\/\/driztrail.com\/es\/wp-json\/wp\/v2\/types\/page"}],"author":[{"embeddable":true,"href":"https:\/\/driztrail.com\/es\/wp-json\/wp\/v2\/users\/198"}],"replies":[{"embeddable":true,"href":"https:\/\/driztrail.com\/es\/wp-json\/wp\/v2\/comments?post=102"}],"version-history":[{"count":2,"href":"https:\/\/driztrail.com\/es\/wp-json\/wp\/v2\/pages\/102\/revisions"}],"predecessor-version":[{"id":117,"href":"https:\/\/driztrail.com\/es\/wp-json\/wp\/v2\/pages\/102\/revisions\/117"}],"wp:attachment":[{"href":"https:\/\/driztrail.com\/es\/wp-json\/wp\/v2\/media?parent=102"}],"curies":[{"name":"wp","href":"https:\/\/api.w.org\/{rel}","templated":true}]}}