    {"id":100,"date":"2025-06-29T14:49:48","date_gmt":"2025-06-29T14:49:48","guid":{"rendered":"https:\/\/driztrail.com\/?page_id=100"},"modified":"2025-11-28T15:49:59","modified_gmt":"2025-11-28T15:49:59","slug":"about-us","status":"publish","type":"page","link":"https:\/\/driztrail.com\/fr\/about-us\/","title":{"rendered":"\u00c0 propos de nous"},"content":{"rendered":"<h1 class=\"wp-block-heading\"><\/h1>\n\n\n\n<p><strong>Bienvenue sur DrizTrail \u2014 o\u00f9 la curiosit\u00e9 rencontre la clart\u00e9, et o\u00f9 chaque intuition m\u00e8ne \u00e0 la d\u00e9couverte.<\/strong><br>Que vous soyez passionn\u00e9 par la nature, fascin\u00e9 par la technologie, motiv\u00e9 par le marketing, inspir\u00e9 par l&#039;innovation ou intrigu\u00e9 par le comportement humain, DrizTrail est l\u00e0 pour vous guider \u00e0 travers les id\u00e9es qui fa\u00e7onnent le monde.<\/p>\n\n\n\n<h2 class=\"wp-block-heading\"><strong>Ce qui nous fait bouger<\/strong><\/h2>\n\n\n\n<p>Chez DrizTrail, nous pensons que la connaissance est plus qu&#039;une simple information : c&#039;est une fa\u00e7on d&#039;explorer le fonctionnement du monde.<br>Notre mission est simple : cr\u00e9er des articles accessibles et bien r\u00e9dig\u00e9s qui relient de mani\u00e8re pertinente des th\u00e8mes divers tels que la nature, le marketing, la technologie, l&#039;innovation et le comportement.<\/p>\n\n\n\n<p>Notre objectif est de susciter la curiosit\u00e9, d&#039;encourager la pens\u00e9e critique et d&#039;offrir des perspectives qui aident les lecteurs \u00e0 s&#039;orienter dans un monde en constante \u00e9volution, une id\u00e9e \u00e0 la fois.<\/p>\n\n\n\n<h2 class=\"wp-block-heading\"><strong>Qui sommes-nous<\/strong><\/h2>\n\n\n\n<p>Nous sommes une \u00e9quipe de r\u00e9dacteurs, de chercheurs et de cr\u00e9ateurs qui prenons plaisir \u00e0 transformer des id\u00e9es complexes en contenus qui informent, inspirent et captivent.<br>DrizTrail est n\u00e9 du d\u00e9sir d&#039;allier communication accessible et connaissances multidisciplinaires \u2014 des concepts environnementaux aux tendances num\u00e9riques, du comportement humain aux technologies \u00e9mergentes.<\/p>\n\n\n\n<p>Chaque article est r\u00e9dig\u00e9 avec clart\u00e9, responsabilit\u00e9 et int\u00e9grit\u00e9 \u00e9ditoriale, en conciliant pertinence et exactitude.<\/p>\n\n\n\n<p>Nous attachons une grande importance \u00e0 l&#039;inclusion, \u00e0 la transparence et \u00e0 un contenu r\u00e9fl\u00e9chi, et nous nous engageons \u00e0 fournir des articles fiables et bien structur\u00e9s \u00e0 des lecteurs de tous horizons.<\/p>\n\n\n\n<h2 class=\"wp-block-heading\"><strong>Rejoignez le voyage<\/strong><\/h2>\n\n\n\n<p>Vous avez un sujet que vous aimeriez voir abord\u00e9\u00a0? Vous souhaitez collaborer, contribuer ou partager votre point de vue\u00a0? N\u2019h\u00e9sitez pas \u00e0 nous contacter.<br>DrizTrail se d\u00e9veloppe gr\u00e2ce aux voix de ceux qui croient au contenu pertinent \u2014 et vous en faites partie.<\/p>\n\n\n\n<p>Allons plus loin, ensemble \u2014 une id\u00e9e, une intuition, une lecture enrichissante \u00e0 la fois.<\/p>","protected":false},"excerpt":{"rendered":"<p>Welcome to DrizTrail \u2014 where curiosity meets clarity, and every insight leads to discovery.Whether you\u2019re passionate about nature, fascinated by technology, driven by marketing, inspired by innovation, or intrigued by human behavior, DrizTrail is here to guide your journey through ideas that shape the world. What moves us At DrizTrail, we believe knowledge is more [&hellip;]<\/p>","protected":false},"author":198,"featured_media":0,"parent":0,"menu_order":0,"comment_status":"closed","ping_status":"closed","template":"","meta":{"footnotes":""},"_links":{"self":[{"href":"https:\/\/driztrail.com\/fr\/wp-json\/wp\/v2\/pages\/100"}],"collection":[{"href":"https:\/\/driztrail.com\/fr\/wp-json\/wp\/v2\/pages"}],"about":[{"href":"https:\/\/driztrail.com\/fr\/wp-json\/wp\/v2\/types\/page"}],"author":[{"embeddable":true,"href":"https:\/\/driztrail.com\/fr\/wp-json\/wp\/v2\/users\/198"}],"replies":[{"embeddable":true,"href":"https:\/\/driztrail.com\/fr\/wp-json\/wp\/v2\/comments?post=100"}],"version-history":[{"count":2,"href":"https:\/\/driztrail.com\/fr\/wp-json\/wp\/v2\/pages\/100\/revisions"}],"predecessor-version":[{"id":1075,"href":"https:\/\/driztrail.com\/fr\/wp-json\/wp\/v2\/pages\/100\/revisions\/1075"}],"wp:attachment":[{"href":"https:\/\/driztrail.com\/fr\/wp-json\/wp\/v2\/media?parent=100"}],"curies":[{"name":"wp","href":"https:\/\/api.w.org\/{rel}","templated":true}]}}