    {"id":102,"date":"2025-06-29T14:50:41","date_gmt":"2025-06-29T14:50:41","guid":{"rendered":"https:\/\/driztrail.com\/?page_id=102"},"modified":"2025-06-29T17:21:40","modified_gmt":"2025-06-29T17:21:40","slug":"contact","status":"publish","type":"page","link":"https:\/\/driztrail.com\/fr\/contact\/","title":{"rendered":"Contact"},"content":{"rendered":"<p>Merci de votre visite <strong>DrizTrail<\/strong>, votre plateforme de confiance pour vos insights num\u00e9riques, vos innovations en mati\u00e8re de contenu et les tendances \u00e9mergentes. Nous accordons une grande importance \u00e0 vos messages et sommes l\u00e0 pour vous accompagner, vous connecter et collaborer avec vous.<\/p>\n\n\n\n<h3 class=\"wp-block-heading\"><strong>Demandes g\u00e9n\u00e9rales<\/strong><\/h3>\n\n\n\n<p>Vous avez une question sur <strong>DrizTrail<\/strong> ou souhaitez simplement nous contacter\u00a0? Envoyez-nous un e-mail \u00e0 <strong><a>contact@driztrail.com<\/a><\/strong><br>Nous aimons avoir des nouvelles de notre communaut\u00e9 et nous vous r\u00e9pondrons d\u00e8s que possible.<\/p>\n\n\n\n<h3 class=\"wp-block-heading\"><strong>Suggestions de contenu et contributions<\/strong><\/h3>\n\n\n\n<p>Vous avez une id\u00e9e d&#039;article\u00a0? Vous souhaitez partager votre expertise ou sugg\u00e9rer un sujet\u00a0? Contactez-nous. <strong><a>editor@driztrail.com<\/a><\/strong><br>Nous sommes toujours \u00e0 la recherche de nouvelles perspectives et voix dans le monde de la technologie, de la communication et du contenu num\u00e9rique.<\/p>\n\n\n\n<h3 class=\"wp-block-heading\"><strong>Support technique<\/strong><\/h3>\n\n\n\n<p>Si vous rencontrez des probl\u00e8mes avec notre plateforme ou avez besoin d&#039;aide pour acc\u00e9der au contenu, n&#039;h\u00e9sitez pas \u00e0 nous contacter \u00e0 <strong><a>support@driztrail.com<\/a><\/strong><br>Nous sommes l\u00e0 pour garantir votre exp\u00e9rience avec <strong>DrizTrail<\/strong> est aussi lisse que possible.<\/p>\n\n\n\n<h3 class=\"wp-block-heading\"><strong>Restez connect\u00e9<\/strong><\/h3>\n\n\n\n<p><strong>DrizTrail<\/strong> est une plateforme num\u00e9rique con\u00e7ue pour les lecteurs, les cr\u00e9ateurs et les curieux du monde entier. Bien que nous ne soyons pas bas\u00e9s dans un bureau physique, nous sommes toujours en ligne, pr\u00eats \u00e0 vous \u00e9couter, \u00e0 vous soutenir et \u00e0 \u00e9voluer avec vous.<\/p>\n\n\n\n<p>Merci encore de faire partie de la <strong>DrizTrail<\/strong> communaut\u00e9. Au plaisir de vous lire\u00a0!<\/p>\n\n\n\n<p><strong>Cordialement,<\/strong><br><strong>L&#039;\u00e9quipe DrizTrail<\/strong><\/p>","protected":false},"excerpt":{"rendered":"<p>Merci d&#039;avoir visit\u00e9 DrizTrail, votre plateforme de confiance pour les analyses num\u00e9riques, l&#039;innovation de contenu et les tendances \u00e9mergentes. Vos messages sont pr\u00e9cieux pour nous et nous sommes l\u00e0 pour vous accompagner, \u00e9changer et collaborer avec vous. Pour toute question concernant DrizTrail ou pour nous contacter, \u00e9crivez-nous \u00e0 contact@driztrail.com. Nous sommes toujours ravis d&#039;avoir des nouvelles de notre communaut\u00e9 et nous nous engageons \u00e0 [\u2026]<\/p>","protected":false},"author":198,"featured_media":0,"parent":0,"menu_order":0,"comment_status":"closed","ping_status":"closed","template":"","meta":{"footnotes":""},"_links":{"self":[{"href":"https:\/\/driztrail.com\/fr\/wp-json\/wp\/v2\/pages\/102"}],"collection":[{"href":"https:\/\/driztrail.com\/fr\/wp-json\/wp\/v2\/pages"}],"about":[{"href":"https:\/\/driztrail.com\/fr\/wp-json\/wp\/v2\/types\/page"}],"author":[{"embeddable":true,"href":"https:\/\/driztrail.com\/fr\/wp-json\/wp\/v2\/users\/198"}],"replies":[{"embeddable":true,"href":"https:\/\/driztrail.com\/fr\/wp-json\/wp\/v2\/comments?post=102"}],"version-history":[{"count":2,"href":"https:\/\/driztrail.com\/fr\/wp-json\/wp\/v2\/pages\/102\/revisions"}],"predecessor-version":[{"id":117,"href":"https:\/\/driztrail.com\/fr\/wp-json\/wp\/v2\/pages\/102\/revisions\/117"}],"wp:attachment":[{"href":"https:\/\/driztrail.com\/fr\/wp-json\/wp\/v2\/media?parent=102"}],"curies":[{"name":"wp","href":"https:\/\/api.w.org\/{rel}","templated":true}]}}