    {"id":97,"date":"2025-06-29T14:49:13","date_gmt":"2025-06-29T14:49:13","guid":{"rendered":"https:\/\/driztrail.com\/?page_id=97"},"modified":"2025-10-23T14:50:36","modified_gmt":"2025-10-23T14:50:36","slug":"terms-of-use","status":"publish","type":"page","link":"https:\/\/driztrail.com\/fr\/terms-of-use\/","title":{"rendered":"Conditions d&#039;utilisation"},"content":{"rendered":"<p><strong>Derni\u00e8re mise \u00e0 jour\u00a0: 29 juin 2025<\/strong><\/p>\n\n\n\n<p>DrizTrail (<a class=\"\" href=\"https:\/\/driztrail.com\/fr\/\">https:\/\/driztrail.com<\/a>) est une plateforme ind\u00e9pendante d\u00e9di\u00e9e \u00e0 l&#039;organisation et \u00e0 la promotion d&#039;\u00e9v\u00e9nements sportifs tels que des courses de trail, des d\u00e9fis d&#039;endurance et des exp\u00e9riences multisports. En acc\u00e9dant \u00e0 ce site web ou en l&#039;utilisant, vous acceptez de vous conformer aux conditions g\u00e9n\u00e9rales et aux politiques d\u00e9crites ci-dessous.<\/p>\n\n\n\n<p>Les pr\u00e9sentes Conditions d&#039;utilisation d\u00e9finissent les droits et responsabilit\u00e9s des utilisateurs interagissant avec la plateforme DrizTrail. L&#039;utilisation du site est \u00e9galement r\u00e9gie par notre Politique de confidentialit\u00e9.<\/p>\n\n\n\n<p><strong>VEUILLEZ LIRE ATTENTIVEMENT CES CONDITIONS. SI VOUS N&#039;\u00caTES PAS D&#039;ACCORD AVEC UNE PARTIE, N&#039;UTILISEZ PAS DRIZTRAIL NI AUCUN DE SES SERVICES.<\/strong><\/p>\n\n\n\n<h2 class=\"wp-block-heading\">Article I \u2013 Contrat d&#039;utilisation<\/h2>\n\n\n\n<p>1.1 En utilisant DrizTrail, vous confirmez que vous acceptez pleinement ces conditions d&#039;utilisation et notre politique de confidentialit\u00e9.<br>1.2 Vous devez avoir au moins 18 ans ou avoir la capacit\u00e9 juridique dans votre pays de r\u00e9sidence pour utiliser cette plateforme.<br>1.3 Si vous ne respectez pas ces conditions ou n&#039;\u00eates pas d&#039;accord avec une clause, vous n&#039;\u00eates pas autoris\u00e9 \u00e0 utiliser les services.<\/p>\n\n\n\n<h2 class=\"wp-block-heading\">Article II \u2013 Communication<\/h2>\n\n\n\n<p>2.1 DrizTrail propose des canaux officiels permettant aux participants de poser des questions, de demander de l&#039;aide ou de fournir des commentaires.<br>2.2 Vous pouvez nous contacter via notre page Contact ou via l&#039;adresse e-mail d\u00e9sign\u00e9e qui y est fournie.<\/p>\n\n\n\n<h2 class=\"wp-block-heading\">Article III \u2013 Responsabilit\u00e9s des Parties<\/h2>\n\n\n\n<p>3.1 Les utilisateurs s&#039;engagent \u00e0 interagir avec la plateforme de mani\u00e8re responsable, en respectant toutes les conditions et politiques applicables.<br>3.2 DrizTrail peut inclure des liens vers des sites Web tiers pour du contenu suppl\u00e9mentaire ou pour plus de commodit\u00e9.<br>3.3 Une fois redirig\u00e9s, les utilisateurs sont soumis aux politiques du site externe. DrizTrail n&#039;est pas responsable de l&#039;exactitude, des pratiques ou de la fiabilit\u00e9 du contenu tiers.<br>3.4 Les utilisateurs sont seuls responsables de la s\u00e9curisation de leur connexion Internet, de leurs appareils et de l&#039;acc\u00e8s \u00e0 leur compte lors de l&#039;utilisation de DrizTrail.<br>3.5 DrizTrail n&#039;est pas responsable des d\u00e9faillances techniques, des acc\u00e8s non autoris\u00e9s ou de l&#039;utilisation abusive de la plateforme au-del\u00e0 de notre contr\u00f4le raisonnable.<br>3.6 Nous ne demanderons jamais d&#039;informations sensibles telles que des coordonn\u00e9es bancaires ou des mots de passe via des canaux non officiels.<br>3.7 Toute communication suspecte doit \u00eatre signal\u00e9e imm\u00e9diatement via notre page de contact officielle.<\/p>\n\n\n\n<h2 class=\"wp-block-heading\">Article IV \u2013 Conduite interdite<\/h2>\n\n\n\n<p>Les activit\u00e9s suivantes sont strictement interdites sur DrizTrail :<\/p>\n\n\n\n<ul>\n<li>Participer \u00e0 des actions ill\u00e9gales ou frauduleuses<\/li>\n\n\n\n<li>Violation des droits de propri\u00e9t\u00e9 intellectuelle ou de confidentialit\u00e9<\/li>\n\n\n\n<li>T\u00e9l\u00e9chargement ou distribution de codes nuisibles ou de logiciels malveillants<\/li>\n\n\n\n<li>Usurper l&#039;identit\u00e9 d&#039;individus ou d&#039;organisations<\/li>\n\n\n\n<li>Collecte de donn\u00e9es sans consentement<\/li>\n\n\n\n<li>Diffusion de contenu trompeur ou non autoris\u00e9<\/li>\n\n\n\n<li>Harceler, menacer ou diffamer autrui<\/li>\n\n\n\n<li>Tenter d&#039;interf\u00e9rer avec ou d&#039;endommager les op\u00e9rations de la plateforme<\/li>\n<\/ul>\n\n\n\n<p>Les violations peuvent entra\u00eener la suspension du compte ou le refus permanent d&#039;acc\u00e8s sans pr\u00e9avis.<\/p>\n\n\n\n<h2 class=\"wp-block-heading\">Article V \u2013 Limitation de responsabilit\u00e9 et garanties<\/h2>\n\n\n\n<p>DrizTrail fournit ses services et son contenu \u00ab tels quels \u00bb et \u00ab tels que disponibles \u00bb, sans garantie d&#039;aucune sorte, expresse ou implicite.<br>Nous ne garantissons pas un acc\u00e8s ininterrompu, une exactitude compl\u00e8te ou que tout le contenu sera sans erreur ou adapt\u00e9 \u00e0 tous les utilisateurs.<br>Dans la mesure maximale permise par la loi, DrizTrail d\u00e9cline toute responsabilit\u00e9 pour tout dommage direct ou indirect r\u00e9sultant de l&#039;utilisation de ce site ou de son contenu.<\/p>\n\n\n\n<h2 class=\"wp-block-heading\">Article VI \u2013 Conditions l\u00e9gales et r\u00e9clamations<\/h2>\n\n\n\n<p>Les pr\u00e9sentes conditions d\u2019utilisation restent valables ind\u00e9finiment.<br>Toute r\u00e9clamation ou litige juridique relatif \u00e0 la plateforme doit \u00eatre d\u00e9pos\u00e9 dans les 90 (quatre-vingt-dix) jours suivant l\u2019incident qui y a donn\u00e9 lieu.<\/p>\n\n\n\n<h2 class=\"wp-block-heading\">Article VII \u2013 Loi applicable et juridiction<\/h2>\n\n\n\n<p>Les pr\u00e9sentes conditions d&#039;utilisation seront r\u00e9gies et interpr\u00e9t\u00e9es conform\u00e9ment aux <strong>lois de la R\u00e9publique d&#039;Estonie<\/strong>Tout litige, controverse ou r\u00e9clamation d\u00e9coulant de ou li\u00e9 aux pr\u00e9sentes Conditions ou \u00e0 l&#039;utilisation de ce site Web sera r\u00e9solu conform\u00e9ment au droit estonien, en vertu de la <strong>comp\u00e9tence exclusive des tribunaux situ\u00e9s \u00e0 Tallinn, Estonie<\/strong>.<br>Cette clause garantit la transparence juridique et l&#039;alignement sur les meilleures pratiques internationales en mati\u00e8re de conformit\u00e9, telles que pr\u00e9vues par la l\u00e9gislation estonienne. <em>Loi sur le droit des obligations<\/em> et <em>Loi sur le droit international priv\u00e9<\/em>.<\/p>\n\n\n\n<h2 class=\"wp-block-heading\">Article VIII \u2013 Propri\u00e9t\u00e9 intellectuelle<\/h2>\n\n\n\n<p>8.1 Tout le contenu de DrizTrail, y compris le mat\u00e9riel d&#039;\u00e9v\u00e9nement, les logos, les textes, les images et la marque, est prot\u00e9g\u00e9 par la loi sur la propri\u00e9t\u00e9 intellectuelle.<br>8.2 Aucune partie du contenu ne peut \u00eatre reproduite, redistribu\u00e9e ou utilis\u00e9e \u00e0 des fins commerciales sans autorisation \u00e9crite pr\u00e9alable.<br>8.3 Le contenu soumis par l&#039;utilisateur (par exemple, avis, commentaires, photos) demeure sous sa responsabilit\u00e9. DrizTrail se r\u00e9serve le droit de supprimer tout contenu jug\u00e9 inappropri\u00e9 ou ill\u00e9gal.<\/p>\n\n\n\n<h2 class=\"wp-block-heading\">Article IX \u2013 Modifications des Conditions<\/h2>\n\n\n\n<p>DrizTrail peut mettre \u00e0 jour ou modifier ces conditions d&#039;utilisation \u00e0 tout moment sans pr\u00e9avis.<br>Il est de votre responsabilit\u00e9 de consulter r\u00e9guli\u00e8rement cette page. L&#039;utilisation continue de la plateforme vaut acceptation de toute modification.<\/p>\n\n\n\n<h2 class=\"wp-block-heading\">Article X \u2013 Contact<\/h2>\n\n\n\n<p>Pour toute question ou pr\u00e9occupation concernant ces conditions d&#039;utilisation, veuillez nous contacter via :<br><a>https:\/\/driztrail.com\/contact<\/a><br>E-mail: <a>support@driztrail.com<\/a> <\/p>\n\n\n\n<p><strong>SI VOUS N&#039;ACCEPTEZ PAS CES CONDITIONS, VEUILLEZ VOUS ABSTENIR D&#039;UTILISER DRIZTRAIL ET SES SERVICES.<\/strong><\/p>","protected":false},"excerpt":{"rendered":"<p>Derni\u00e8re mise \u00e0 jour : 29 juin 2025. DrizTrail (https:\/\/driztrail.com) est une plateforme ind\u00e9pendante d\u00e9di\u00e9e \u00e0 l&#039;organisation et \u00e0 la promotion d&#039;\u00e9v\u00e9nements sportifs tels que des courses de trail, des d\u00e9fis d&#039;endurance et des exp\u00e9riences multisports. En acc\u00e9dant \u00e0 ce site web ou en l&#039;utilisant, vous acceptez de vous conformer aux conditions g\u00e9n\u00e9rales d&#039;utilisation et aux politiques d\u00e9crites ci-dessous. Ces conditions d&#039;utilisation d\u00e9finissent les droits et les responsabilit\u00e9s de [\u2026]<\/p>","protected":false},"author":198,"featured_media":0,"parent":0,"menu_order":0,"comment_status":"closed","ping_status":"closed","template":"","meta":{"footnotes":""},"_links":{"self":[{"href":"https:\/\/driztrail.com\/fr\/wp-json\/wp\/v2\/pages\/97"}],"collection":[{"href":"https:\/\/driztrail.com\/fr\/wp-json\/wp\/v2\/pages"}],"about":[{"href":"https:\/\/driztrail.com\/fr\/wp-json\/wp\/v2\/types\/page"}],"author":[{"embeddable":true,"href":"https:\/\/driztrail.com\/fr\/wp-json\/wp\/v2\/users\/198"}],"replies":[{"embeddable":true,"href":"https:\/\/driztrail.com\/fr\/wp-json\/wp\/v2\/comments?post=97"}],"version-history":[{"count":2,"href":"https:\/\/driztrail.com\/fr\/wp-json\/wp\/v2\/pages\/97\/revisions"}],"predecessor-version":[{"id":813,"href":"https:\/\/driztrail.com\/fr\/wp-json\/wp\/v2\/pages\/97\/revisions\/813"}],"wp:attachment":[{"href":"https:\/\/driztrail.com\/fr\/wp-json\/wp\/v2\/media?parent=97"}],"curies":[{"name":"wp","href":"https:\/\/api.w.org\/{rel}","templated":true}]}}