    {"id":100,"date":"2025-06-29T14:49:48","date_gmt":"2025-06-29T14:49:48","guid":{"rendered":"https:\/\/driztrail.com\/?page_id=100"},"modified":"2025-11-28T15:49:59","modified_gmt":"2025-11-28T15:49:59","slug":"about-us","status":"publish","type":"page","link":"https:\/\/driztrail.com\/it\/about-us\/","title":{"rendered":"Chi siamo"},"content":{"rendered":"<h1 class=\"wp-block-heading\"><\/h1>\n\n\n\n<p><strong>Benvenuti a DrizTrail, dove la curiosit\u00e0 incontra la chiarezza e ogni intuizione porta alla scoperta.<\/strong><br>Che tu sia appassionato di natura, affascinato dalla tecnologia, motivato dal marketing, ispirato dall&#039;innovazione o incuriosito dal comportamento umano, DrizTrail \u00e8 qui per guidarti nel tuo viaggio attraverso le idee che plasmano il mondo.<\/p>\n\n\n\n<h2 class=\"wp-block-heading\"><strong>Ci\u00f2 che ci muove<\/strong><\/h2>\n\n\n\n<p>Noi di DrizTrail crediamo che la conoscenza sia pi\u00f9 di una semplice informazione: \u00e8 un modo per esplorare come funziona il mondo.<br>La nostra missione \u00e8 semplice: creare articoli accessibili e ben realizzati che colleghino in modo significativo temi diversi come natura, marketing, tecnologia, innovazione e comportamento.<\/p>\n\n\n\n<p>Il nostro obiettivo \u00e8 stimolare la curiosit\u00e0, incoraggiare il pensiero critico e offrire prospettive che aiutino i lettori a orientarsi in un mondo in continua evoluzione, un&#039;intuizione alla volta.<\/p>\n\n\n\n<h2 class=\"wp-block-heading\"><strong>Chi siamo<\/strong><\/h2>\n\n\n\n<p>Siamo un team di scrittori, ricercatori e creatori che amano trasformare idee complesse in contenuti che informano, ispirano e coinvolgono.<br>DrizTrail nasce dal desiderio di unire una comunicazione accessibile con conoscenze multidisciplinari: dai concetti ambientali alle tendenze digitali, dal comportamento umano alle tecnologie emergenti.<\/p>\n\n\n\n<p>Ogni articolo \u00e8 sviluppato con chiarezza, responsabilit\u00e0 e integrit\u00e0 editoriale, bilanciando pertinenza e accuratezza.<\/p>\n\n\n\n<p>Diamo valore all&#039;inclusione, alla trasparenza e ai contenuti ponderati e ci impegniamo a fornire articoli affidabili e ben strutturati per lettori di ogni estrazione sociale.<\/p>\n\n\n\n<h2 class=\"wp-block-heading\"><strong>Unisciti al viaggio<\/strong><\/h2>\n\n\n\n<p>Hai un argomento che vorresti vedere esplorato? Vuoi collaborare, contribuire o condividere il tuo punto di vista? Ci piacerebbe sentire il tuo parere.<br>DrizTrail cresce grazie alle voci delle persone che credono nei contenuti mirati, e tra queste c&#039;\u00e8 anche te.<\/p>\n\n\n\n<p>Andiamo oltre, insieme: un&#039;idea, un&#039;intuizione, una lettura significativa alla volta.<\/p>","protected":false},"excerpt":{"rendered":"<p>Welcome to DrizTrail \u2014 where curiosity meets clarity, and every insight leads to discovery.Whether you\u2019re passionate about nature, fascinated by technology, driven by marketing, inspired by innovation, or intrigued by human behavior, DrizTrail is here to guide your journey through ideas that shape the world. What moves us At DrizTrail, we believe knowledge is more [&hellip;]<\/p>","protected":false},"author":198,"featured_media":0,"parent":0,"menu_order":0,"comment_status":"closed","ping_status":"closed","template":"","meta":{"footnotes":""},"_links":{"self":[{"href":"https:\/\/driztrail.com\/it\/wp-json\/wp\/v2\/pages\/100"}],"collection":[{"href":"https:\/\/driztrail.com\/it\/wp-json\/wp\/v2\/pages"}],"about":[{"href":"https:\/\/driztrail.com\/it\/wp-json\/wp\/v2\/types\/page"}],"author":[{"embeddable":true,"href":"https:\/\/driztrail.com\/it\/wp-json\/wp\/v2\/users\/198"}],"replies":[{"embeddable":true,"href":"https:\/\/driztrail.com\/it\/wp-json\/wp\/v2\/comments?post=100"}],"version-history":[{"count":2,"href":"https:\/\/driztrail.com\/it\/wp-json\/wp\/v2\/pages\/100\/revisions"}],"predecessor-version":[{"id":1075,"href":"https:\/\/driztrail.com\/it\/wp-json\/wp\/v2\/pages\/100\/revisions\/1075"}],"wp:attachment":[{"href":"https:\/\/driztrail.com\/it\/wp-json\/wp\/v2\/media?parent=100"}],"curies":[{"name":"wp","href":"https:\/\/api.w.org\/{rel}","templated":true}]}}