    {"id":97,"date":"2025-06-29T14:49:13","date_gmt":"2025-06-29T14:49:13","guid":{"rendered":"https:\/\/driztrail.com\/?page_id=97"},"modified":"2025-10-23T14:50:36","modified_gmt":"2025-10-23T14:50:36","slug":"terms-of-use","status":"publish","type":"page","link":"https:\/\/driztrail.com\/it\/terms-of-use\/","title":{"rendered":"Termini di utilizzo"},"content":{"rendered":"<p><strong>Ultimo aggiornamento: 29 giugno 2025<\/strong><\/p>\n\n\n\n<p>DrizTrail (<a class=\"\" href=\"https:\/\/driztrail.com\/it\/\">https:\/\/driztrail.com<\/a>) \u00e8 una piattaforma indipendente dedicata all&#039;organizzazione e alla promozione di eventi sportivi come gare di trail, sfide di resistenza ed esperienze multisportive. Accedendo o utilizzando questo sito web, l&#039;utente accetta di rispettare i termini, le condizioni e le politiche descritte di seguito.<\/p>\n\n\n\n<p>Le presenti Condizioni d&#039;Uso stabiliscono i diritti e le responsabilit\u00e0 degli utenti che interagiscono con la piattaforma DrizTrail. L&#039;utilizzo del sito \u00e8 inoltre regolato dalla nostra Informativa sulla Privacy.<\/p>\n\n\n\n<p><strong>LEGGERE ATTENTAMENTE QUESTI TERMINI. SE NON SI \u00c8 D&#039;ACCORDO CON QUALSIASI PARTE DI ESSI, NON UTILIZZARE DRIZTRAIL O NESSUNO DEI SUOI SERVIZI.<\/strong><\/p>\n\n\n\n<h2 class=\"wp-block-heading\">Articolo I \u2013 Contratto d\u2019uso<\/h2>\n\n\n\n<p>1.1 Utilizzando DrizTrail, confermi di accettare integralmente i presenti Termini di utilizzo e la nostra Informativa sulla privacy.<br>1.2 Per utilizzare questa piattaforma \u00e8 necessario avere almeno 18 anni o avere la capacit\u00e0 giuridica nel proprio paese di residenza.<br>1.3 Se non si soddisfano queste condizioni o non si \u00e8 d&#039;accordo con una qualsiasi clausola, non \u00e8 consentito utilizzare i servizi.<\/p>\n\n\n\n<h2 class=\"wp-block-heading\">Articolo II \u2013 Comunicazione<\/h2>\n\n\n\n<p>2.1 DrizTrail offre canali ufficiali ai partecipanti per porre domande, richiedere supporto o fornire feedback.<br>2.2 Puoi contattarci tramite la nostra pagina Contatti o tramite l&#039;indirizzo email ivi indicato.<\/p>\n\n\n\n<h2 class=\"wp-block-heading\">Articolo III \u2013 Responsabilit\u00e0 delle parti<\/h2>\n\n\n\n<p>3.1 Gli utenti accettano di interagire con la piattaforma in modo responsabile, rispettando tutti i termini e le politiche applicabili.<br>3.2 DrizTrail pu\u00f2 includere link a siti web di terze parti per contenuti aggiuntivi o per comodit\u00e0.<br>3.3 Una volta reindirizzati, gli utenti sono soggetti alle policy del sito esterno. DrizTrail non \u00e8 responsabile dell&#039;accuratezza, delle pratiche o dell&#039;affidabilit\u00e0 dei contenuti di terze parti.<br>3.4 Gli utenti sono gli unici responsabili della sicurezza della propria connessione Internet, dei propri dispositivi e dell&#039;accesso all&#039;account durante l&#039;utilizzo di DrizTrail.<br>3.5 DrizTrail non \u00e8 responsabile per guasti tecnici, accessi non autorizzati o uso improprio della piattaforma al di fuori del nostro ragionevole controllo.<br>3.6 Non richiederemo mai informazioni sensibili, come dati bancari o password, tramite canali non ufficiali.<br>3.7 Qualsiasi comunicazione sospetta deve essere segnalata immediatamente tramite la nostra pagina dei contatti ufficiale.<\/p>\n\n\n\n<h2 class=\"wp-block-heading\">Articolo IV \u2013 Condotta proibita<\/h2>\n\n\n\n<p>Le seguenti attivit\u00e0 sono severamente vietate su DrizTrail:<\/p>\n\n\n\n<ul>\n<li>Coinvolgere azioni illegali o fraudolente<\/li>\n\n\n\n<li>Violazione dei diritti di propriet\u00e0 intellettuale o della privacy<\/li>\n\n\n\n<li>Caricamento o distribuzione di codice dannoso o malware<\/li>\n\n\n\n<li>Impersonare individui o organizzazioni<\/li>\n\n\n\n<li>Raccolta di dati senza consenso<\/li>\n\n\n\n<li>Diffondere contenuti fuorvianti o non autorizzati<\/li>\n\n\n\n<li>Molestare, minacciare o diffamare gli altri<\/li>\n\n\n\n<li>Tentare di interferire o danneggiare le operazioni della piattaforma<\/li>\n<\/ul>\n\n\n\n<p>Le violazioni possono comportare la sospensione dell&#039;account o il rifiuto permanente dell&#039;accesso senza preavviso.<\/p>\n\n\n\n<h2 class=\"wp-block-heading\">Articolo V \u2013 Limitazione di responsabilit\u00e0 e garanzie<\/h2>\n\n\n\n<p>DrizTrail fornisce i suoi servizi e contenuti &quot;cos\u00ec come sono&quot; e &quot;come disponibili&quot;, senza garanzie di alcun tipo, esplicite o implicite.<br>Non garantiamo l&#039;accesso ininterrotto, la completa accuratezza o che tutti i contenuti siano privi di errori o adatti a tutti gli utenti.<br>Nella misura massima consentita dalla legge, DrizTrail declina ogni responsabilit\u00e0 per eventuali danni diretti o indiretti derivanti dall&#039;uso di questo sito o del suo contenuto.<\/p>\n\n\n\n<h2 class=\"wp-block-heading\">Articolo VI \u2013 Termine legale e rivendicazioni<\/h2>\n\n\n\n<p>Le presenti Condizioni d&#039;uso restano valide a tempo indeterminato.<br>Ogni rivendicazione o controversia legale relativa alla piattaforma dovr\u00e0 essere presentata entro 90 (novanta) giorni dall&#039;incidente che ne ha dato origine.<\/p>\n\n\n\n<h2 class=\"wp-block-heading\">Articolo VII \u2013 Legge applicabile e giurisdizione<\/h2>\n\n\n\n<p>Le presenti Condizioni d&#039;uso saranno regolate e interpretate in conformit\u00e0 con le <strong>leggi della Repubblica di Estonia<\/strong>Qualsiasi controversia, disputa o reclamo derivante da o relativo ai presenti Termini o all&#039;uso di questo sito web sar\u00e0 risolto in conformit\u00e0 con la legge estone, ai sensi del <strong>giurisdizione esclusiva dei tribunali situati a Tallinn, Estonia<\/strong>.<br>Questa clausola garantisce la trasparenza legale e l&#039;allineamento con le migliori pratiche di conformit\u00e0 internazionale, come previsto dalla normativa estone. <em>Legge sulle obbligazioni<\/em> E <em>Legge sul diritto internazionale privato<\/em>.<\/p>\n\n\n\n<h2 class=\"wp-block-heading\">Articolo VIII \u2013 Propriet\u00e0 intellettuale<\/h2>\n\n\n\n<p>8.1 Tutti i contenuti di DrizTrail, inclusi materiali dell&#039;evento, loghi, testi, immagini e marchi, sono protetti dalle leggi sulla propriet\u00e0 intellettuale.<br>8.2 Nessuna parte del contenuto pu\u00f2 essere riprodotta, ridistribuita o utilizzata commercialmente senza previa autorizzazione scritta.<br>8.3 I contenuti inviati dagli utenti (ad esempio recensioni, commenti, foto) rimangono di responsabilit\u00e0 dell&#039;utente. DrizTrail si riserva il diritto di rimuovere qualsiasi contenuto ritenuto inappropriato o illegale.<\/p>\n\n\n\n<h2 class=\"wp-block-heading\">Articolo IX \u2013 Modifiche ai Termini<\/h2>\n\n\n\n<p>DrizTrail pu\u00f2 aggiornare o modificare le presenti Condizioni d&#039;uso in qualsiasi momento e senza preavviso.<br>\u00c8 tua responsabilit\u00e0 controllare periodicamente questa pagina. L&#039;uso continuato della piattaforma costituisce accettazione di eventuali modifiche.<\/p>\n\n\n\n<h2 class=\"wp-block-heading\">Articolo X \u2013 Contatto<\/h2>\n\n\n\n<p>Per domande o dubbi sui presenti Termini di utilizzo, contattateci tramite:<br><a>https:\/\/driztrail.com\/contact<\/a><br>E-mail: <a>support@driztrail.com<\/a> <\/p>\n\n\n\n<p><strong>SE NON SI ACCETTANO QUESTI TERMINI, SI PREGA DI ASTENERSI DALL&#039;UTILIZZARE DRIZTRAIL E I SUOI SERVIZI.<\/strong><\/p>","protected":false},"excerpt":{"rendered":"<p>Ultimo aggiornamento: 29 giugno 2025 DrizTrail (https:\/\/driztrail.com) \u00e8 una piattaforma indipendente dedicata all&#039;organizzazione e alla promozione di eventi sportivi come gare di trail, sfide di resistenza ed esperienze multisportive. Accedendo o utilizzando questo sito web, l&#039;utente accetta di rispettare i termini, le condizioni e le politiche descritte di seguito. Le presenti Condizioni d&#039;uso stabiliscono i diritti e le responsabilit\u00e0 di [\u2026]<\/p>","protected":false},"author":198,"featured_media":0,"parent":0,"menu_order":0,"comment_status":"closed","ping_status":"closed","template":"","meta":{"footnotes":""},"_links":{"self":[{"href":"https:\/\/driztrail.com\/it\/wp-json\/wp\/v2\/pages\/97"}],"collection":[{"href":"https:\/\/driztrail.com\/it\/wp-json\/wp\/v2\/pages"}],"about":[{"href":"https:\/\/driztrail.com\/it\/wp-json\/wp\/v2\/types\/page"}],"author":[{"embeddable":true,"href":"https:\/\/driztrail.com\/it\/wp-json\/wp\/v2\/users\/198"}],"replies":[{"embeddable":true,"href":"https:\/\/driztrail.com\/it\/wp-json\/wp\/v2\/comments?post=97"}],"version-history":[{"count":2,"href":"https:\/\/driztrail.com\/it\/wp-json\/wp\/v2\/pages\/97\/revisions"}],"predecessor-version":[{"id":813,"href":"https:\/\/driztrail.com\/it\/wp-json\/wp\/v2\/pages\/97\/revisions\/813"}],"wp:attachment":[{"href":"https:\/\/driztrail.com\/it\/wp-json\/wp\/v2\/media?parent=97"}],"curies":[{"name":"wp","href":"https:\/\/api.w.org\/{rel}","templated":true}]}}