    {"id":100,"date":"2025-06-29T14:49:48","date_gmt":"2025-06-29T14:49:48","guid":{"rendered":"https:\/\/driztrail.com\/?page_id=100"},"modified":"2025-11-28T15:49:59","modified_gmt":"2025-11-28T15:49:59","slug":"about-us","status":"publish","type":"page","link":"https:\/\/driztrail.com\/nl\/about-us\/","title":{"rendered":"Over ons"},"content":{"rendered":"<h1 class=\"wp-block-heading\"><\/h1>\n\n\n\n<p><strong>Welkom bij DrizTrail, waar nieuwsgierigheid en helderheid samenkomen en elk inzicht tot ontdekking leidt.<\/strong><br>Of je nu een passie hebt voor de natuur, gefascineerd bent door technologie, gedreven wordt door marketing, ge\u00efnspireerd wordt door innovatie of gefascineerd bent door menselijk gedrag: DrizTrail begeleidt je op je reis langs idee\u00ebn die de wereld vormgeven.<\/p>\n\n\n\n<h2 class=\"wp-block-heading\"><strong>Wat ons beweegt<\/strong><\/h2>\n\n\n\n<p>Bij DrizTrail geloven we dat kennis meer is dan informatie: het is een manier om te ontdekken hoe de wereld werkt.<br>Onze missie is simpel: toegankelijke, goed geschreven artikelen cre\u00ebren die thema&#039;s als natuur, marketing, technologie, innovatie en gedrag op een betekenisvolle manier met elkaar verbinden.<\/p>\n\n\n\n<p>Ons doel is om nieuwsgierigheid te wekken, kritisch denken aan te moedigen en perspectieven te bieden waarmee lezers hun weg kunnen vinden in een voortdurend veranderende wereld \u2013 \u00e9\u00e9n inzicht tegelijk.<\/p>\n\n\n\n<h2 class=\"wp-block-heading\"><strong>Wie wij zijn<\/strong><\/h2>\n\n\n\n<p>Wij zijn een team van schrijvers, onderzoekers en makers die ervan genieten om complexe idee\u00ebn om te zetten in content die informeert, inspireert en boeit.<br>DrizTrail is ontstaan uit de wens om toegankelijke communicatie te combineren met multidisciplinaire kennis \u2013 van milieuconcepten tot digitale trends, van menselijk gedrag tot opkomende technologie\u00ebn.<\/p>\n\n\n\n<p>Elk artikel is geschreven met helderheid, verantwoordelijkheid en redactionele integriteit, waarbij relevantie en nauwkeurigheid in evenwicht worden gebracht.<\/p>\n\n\n\n<p>Wij hechten waarde aan inclusiviteit, transparantie en doordachte inhoud. We streven ernaar betrouwbare, goed gestructureerde artikelen te leveren voor lezers van alle achtergronden.<\/p>\n\n\n\n<h2 class=\"wp-block-heading\"><strong>Ga mee op reis<\/strong><\/h2>\n\n\n\n<p>Heb je een onderwerp dat je graag behandeld zou zien? Wil je samenwerken, bijdragen of je perspectief delen? We horen graag van je.<br>DrizTrail groeit dankzij de stemmen van mensen die geloven in doelgerichte content. En daar hoor jij ook bij.<\/p>\n\n\n\n<p>Laten we samen verder gaan - \u00e9\u00e9n idee, \u00e9\u00e9n inzicht, \u00e9\u00e9n zinvolle lezing tegelijk.<\/p>","protected":false},"excerpt":{"rendered":"<p>Welkom bij DrizTrail \u2014 waar nieuwsgierigheid en helderheid samenkomen en elk inzicht leidt tot ontdekking. Of je nu een passie hebt voor de natuur, gefascineerd bent door technologie, gedreven bent door marketing, ge\u00efnspireerd bent door innovatie of ge\u00efntrigeerd bent door menselijk gedrag, DrizTrail is er om je te begeleiden op je reis door idee\u00ebn die de wereld vormgeven. Wat ons drijft Bij DrizTrail geloven we dat kennis meer is dan alleen kennis [\u2026]<\/p>","protected":false},"author":198,"featured_media":0,"parent":0,"menu_order":0,"comment_status":"closed","ping_status":"closed","template":"","meta":{"footnotes":""},"_links":{"self":[{"href":"https:\/\/driztrail.com\/nl\/wp-json\/wp\/v2\/pages\/100"}],"collection":[{"href":"https:\/\/driztrail.com\/nl\/wp-json\/wp\/v2\/pages"}],"about":[{"href":"https:\/\/driztrail.com\/nl\/wp-json\/wp\/v2\/types\/page"}],"author":[{"embeddable":true,"href":"https:\/\/driztrail.com\/nl\/wp-json\/wp\/v2\/users\/198"}],"replies":[{"embeddable":true,"href":"https:\/\/driztrail.com\/nl\/wp-json\/wp\/v2\/comments?post=100"}],"version-history":[{"count":2,"href":"https:\/\/driztrail.com\/nl\/wp-json\/wp\/v2\/pages\/100\/revisions"}],"predecessor-version":[{"id":1075,"href":"https:\/\/driztrail.com\/nl\/wp-json\/wp\/v2\/pages\/100\/revisions\/1075"}],"wp:attachment":[{"href":"https:\/\/driztrail.com\/nl\/wp-json\/wp\/v2\/media?parent=100"}],"curies":[{"name":"wp","href":"https:\/\/api.w.org\/{rel}","templated":true}]}}