    {"id":100,"date":"2025-06-29T14:49:48","date_gmt":"2025-06-29T14:49:48","guid":{"rendered":"https:\/\/driztrail.com\/?page_id=100"},"modified":"2025-11-28T15:49:59","modified_gmt":"2025-11-28T15:49:59","slug":"about-us","status":"publish","type":"page","link":"https:\/\/driztrail.com\/pl\/about-us\/","title":{"rendered":"O nas"},"content":{"rendered":"<h1 class=\"wp-block-heading\"><\/h1>\n\n\n\n<p><strong>Witamy w DrizTrail \u2014 gdzie ciekawo\u015b\u0107 spotyka si\u0119 z jasno\u015bci\u0105, a ka\u017cda refleksja prowadzi do odkrycia.<\/strong><br>Niezale\u017cnie od tego, czy pasjonujesz si\u0119 natur\u0105, fascynujesz technologi\u0105, kieruje Tob\u0105 marketing, inspirujesz si\u0119 innowacjami, czy te\u017c intryguje Ci\u0119 ludzkie zachowanie, DrizTrail jest tutaj, aby poprowadzi\u0107 Ci\u0119 w podr\u00f3\u017cy przez idee, kt\u00f3re kszta\u0142tuj\u0105 \u015bwiat.<\/p>\n\n\n\n<h2 class=\"wp-block-heading\"><strong>Co nas porusza<\/strong><\/h2>\n\n\n\n<p>W DrizTrail wierzymy, \u017ce wiedza to co\u015b wi\u0119cej ni\u017c tylko informacja \u2014 to spos\u00f3b na odkrywanie, jak dzia\u0142a \u015bwiat.<br>Nasza misja jest prosta: tworzy\u0107 przyst\u0119pne, dobrze napisane artyku\u0142y, kt\u00f3re w znacz\u0105cy spos\u00f3b \u0142\u0105cz\u0105 r\u00f3\u017cne tematy, takie jak natura, marketing, technologia, innowacja i zachowania.<\/p>\n\n\n\n<p>Naszym celem jest rozbudzanie ciekawo\u015bci, zach\u0119canie do krytycznego my\u015blenia i oferowanie czytelnikom perspektyw, kt\u00f3re pomog\u0105 im odnale\u017a\u0107 si\u0119 w ci\u0105gle zmieniaj\u0105cym si\u0119 \u015bwiecie \u2013 jedna refleksja na raz.<\/p>\n\n\n\n<h2 class=\"wp-block-heading\"><strong>Kim jeste\u015bmy<\/strong><\/h2>\n\n\n\n<p>Jeste\u015bmy zespo\u0142em pisarzy, badaczy i tw\u00f3rc\u00f3w, kt\u00f3rzy lubi\u0105 przekszta\u0142ca\u0107 skomplikowane idee w tre\u015bci, kt\u00f3re informuj\u0105, inspiruj\u0105 i anga\u017cuj\u0105.<br>Marka DrizTrail powsta\u0142a z ch\u0119ci po\u0142\u0105czenia przyst\u0119pnej komunikacji z wiedz\u0105 interdyscyplinarn\u0105 \u2014 od zagadnie\u0144 zwi\u0105zanych ze \u015brodowiskiem po trendy cyfrowe, od zachowa\u0144 ludzkich po nowe technologie.<\/p>\n\n\n\n<p>Ka\u017cdy artyku\u0142 zosta\u0142 opracowany z dba\u0142o\u015bci\u0105 o przejrzysto\u015b\u0107, odpowiedzialno\u015b\u0107 i rzetelno\u015b\u0107 redakcyjn\u0105, zachowuj\u0105c r\u00f3wnowag\u0119 mi\u0119dzy trafno\u015bci\u0105 a dok\u0142adno\u015bci\u0105.<\/p>\n\n\n\n<p>Cenimy sobie inkluzywno\u015b\u0107, przejrzysto\u015b\u0107 i przemy\u015blane tre\u015bci. Zale\u017cy nam na dostarczaniu rzetelnych, dobrze ustrukturyzowanych artyku\u0142\u00f3w czytelnikom z r\u00f3\u017cnych \u015brodowisk.<\/p>\n\n\n\n<h2 class=\"wp-block-heading\"><strong>Do\u0142\u0105cz do podr\u00f3\u017cy<\/strong><\/h2>\n\n\n\n<p>Masz temat, kt\u00f3ry chcia\u0142by\u015b zg\u0142\u0119bi\u0107? Chcesz wsp\u00f3\u0142pracowa\u0107, podzieli\u0107 si\u0119 swoj\u0105 perspektyw\u0105 lub podzieli\u0107 si\u0119 nim? Ch\u0119tnie Ci\u0119 wys\u0142uchamy.<br>DrizTrail rozwija si\u0119 dzi\u0119ki g\u0142osom ludzi, kt\u00f3rzy wierz\u0105 w celowe tre\u015bci \u2014 a Ty r\u00f3wnie\u017c do nich nale\u017cysz.<\/p>\n\n\n\n<p>P\u00f3jd\u017amy dalej razem \u2014 jeden pomys\u0142, jedna refleksja, jedna warto\u015bciowa lektura na raz.<\/p>","protected":false},"excerpt":{"rendered":"<p>Welcome to DrizTrail \u2014 where curiosity meets clarity, and every insight leads to discovery.Whether you\u2019re passionate about nature, fascinated by technology, driven by marketing, inspired by innovation, or intrigued by human behavior, DrizTrail is here to guide your journey through ideas that shape the world. What moves us At DrizTrail, we believe knowledge is more [&hellip;]<\/p>","protected":false},"author":198,"featured_media":0,"parent":0,"menu_order":0,"comment_status":"closed","ping_status":"closed","template":"","meta":{"footnotes":""},"_links":{"self":[{"href":"https:\/\/driztrail.com\/pl\/wp-json\/wp\/v2\/pages\/100"}],"collection":[{"href":"https:\/\/driztrail.com\/pl\/wp-json\/wp\/v2\/pages"}],"about":[{"href":"https:\/\/driztrail.com\/pl\/wp-json\/wp\/v2\/types\/page"}],"author":[{"embeddable":true,"href":"https:\/\/driztrail.com\/pl\/wp-json\/wp\/v2\/users\/198"}],"replies":[{"embeddable":true,"href":"https:\/\/driztrail.com\/pl\/wp-json\/wp\/v2\/comments?post=100"}],"version-history":[{"count":2,"href":"https:\/\/driztrail.com\/pl\/wp-json\/wp\/v2\/pages\/100\/revisions"}],"predecessor-version":[{"id":1075,"href":"https:\/\/driztrail.com\/pl\/wp-json\/wp\/v2\/pages\/100\/revisions\/1075"}],"wp:attachment":[{"href":"https:\/\/driztrail.com\/pl\/wp-json\/wp\/v2\/media?parent=100"}],"curies":[{"name":"wp","href":"https:\/\/api.w.org\/{rel}","templated":true}]}}