    {"id":102,"date":"2025-06-29T14:50:41","date_gmt":"2025-06-29T14:50:41","guid":{"rendered":"https:\/\/driztrail.com\/?page_id=102"},"modified":"2025-06-29T17:21:40","modified_gmt":"2025-06-29T17:21:40","slug":"contact","status":"publish","type":"page","link":"https:\/\/driztrail.com\/pl\/contact\/","title":{"rendered":"Kontakt"},"content":{"rendered":"<p>Dzi\u0119kujemy za odwiedziny <strong>Szlak Driz<\/strong>, Twoja zaufana platforma do cyfrowych analiz, innowacji w tre\u015bciach i nowych trend\u00f3w. Naprawd\u0119 cenimy Twoje wiadomo\u015bci i jeste\u015bmy tu po to, aby Ci\u0119 wspiera\u0107, \u0142\u0105czy\u0107 si\u0119 z Tob\u0105 i wsp\u00f3\u0142pracowa\u0107 z Tob\u0105.<\/p>\n\n\n\n<h3 class=\"wp-block-heading\"><strong>Zapytania og\u00f3lne<\/strong><\/h3>\n\n\n\n<p>Masz pytanie dotycz\u0105ce <strong>Szlak Driz<\/strong> lub po prostu chcesz si\u0119 z nami skontaktowa\u0107? Napisz do nas na adres <strong><a>kontakt@driztrail.com<\/a><\/strong><br>Zawsze ch\u0119tnie poznamy opinie naszej spo\u0142eczno\u015bci. Skontaktujemy si\u0119 z Tob\u0105 najszybciej jak to mo\u017cliwe.<\/p>\n\n\n\n<h3 class=\"wp-block-heading\"><strong>Sugestie i uwagi dotycz\u0105ce tre\u015bci<\/strong><\/h3>\n\n\n\n<p>Masz pomys\u0142 na nowy artyku\u0142? Chcesz podzieli\u0107 si\u0119 swoj\u0105 wiedz\u0105 lub zasugerowa\u0107 temat, kt\u00f3ry powinni\u015bmy poruszy\u0107? Skontaktuj si\u0119 z nami. <strong><a>editor@driztrail.com<\/a><\/strong><br>Zawsze szukamy nowych perspektyw i g\u0142os\u00f3w w \u015bwiecie technologii, komunikacji i tre\u015bci cyfrowych.<\/p>\n\n\n\n<h3 class=\"wp-block-heading\"><strong>Wsparcie techniczne<\/strong><\/h3>\n\n\n\n<p>Je\u015bli masz jakiekolwiek problemy z nasz\u0105 platform\u0105 lub potrzebujesz pomocy w dost\u0119pie do tre\u015bci, nie wahaj si\u0119 skontaktowa\u0107 z nami pod adresem <strong><a>support@driztrail.com<\/a><\/strong><br>Jeste\u015bmy tutaj, aby zapewni\u0107 Ci przyjemne do\u015bwiadczenie z <strong>Szlak Driz<\/strong> jest tak g\u0142adka, jak to tylko mo\u017cliwe.<\/p>\n\n\n\n<h3 class=\"wp-block-heading\"><strong>Pozosta\u0144 w kontakcie<\/strong><\/h3>\n\n\n\n<p><strong>Szlak Driz<\/strong> to platforma cyfrowa stworzona z my\u015bl\u0105 o czytelnikach, tw\u00f3rcach i ciekawskich umys\u0142ach na ca\u0142ym \u015bwiecie. Chocia\u017c nie dzia\u0142amy z fizycznego biura, zawsze jeste\u015bmy online \u2013 gotowi s\u0142ucha\u0107, wspiera\u0107 i rozwija\u0107 si\u0119 razem z Tob\u0105.<\/p>\n\n\n\n<p>Dzi\u0119kuj\u0119 jeszcze raz za udzia\u0142 w <strong>Szlak Driz<\/strong> spo\u0142eczno\u015b\u0107. Czekamy na kontakt od Ciebie!<\/p>\n\n\n\n<p><strong>Serdeczne pozdrowienia,<\/strong><br><strong>Zesp\u00f3\u0142 DrizTrail<\/strong><\/p>","protected":false},"excerpt":{"rendered":"<p>Dzi\u0119kujemy za odwiedzenie DrizTrail, zaufanej platformy do pozyskiwania cyfrowych spostrze\u017ce\u0144, innowacji w tre\u015bciach i nowych trend\u00f3w. Cenimy Pa\u0144stwa wiadomo\u015bci i jeste\u015bmy do Pa\u0144stwa dyspozycji, aby wspiera\u0107 Pa\u0144stwa, nawi\u0105zywa\u0107 z Pa\u0144stwem kontakt i wsp\u00f3\u0142pracowa\u0107. Zapytania og\u00f3lne: Masz pytanie dotycz\u0105ce DrizTrail lub po prostu chcesz si\u0119 z nami skontaktowa\u0107? Napisz do nas na adres contact@driztrail.com. Zawsze ch\u0119tnie wys\u0142uchamy Pa\u0144stwa opinii i [\u2026]<\/p>","protected":false},"author":198,"featured_media":0,"parent":0,"menu_order":0,"comment_status":"closed","ping_status":"closed","template":"","meta":{"footnotes":""},"_links":{"self":[{"href":"https:\/\/driztrail.com\/pl\/wp-json\/wp\/v2\/pages\/102"}],"collection":[{"href":"https:\/\/driztrail.com\/pl\/wp-json\/wp\/v2\/pages"}],"about":[{"href":"https:\/\/driztrail.com\/pl\/wp-json\/wp\/v2\/types\/page"}],"author":[{"embeddable":true,"href":"https:\/\/driztrail.com\/pl\/wp-json\/wp\/v2\/users\/198"}],"replies":[{"embeddable":true,"href":"https:\/\/driztrail.com\/pl\/wp-json\/wp\/v2\/comments?post=102"}],"version-history":[{"count":2,"href":"https:\/\/driztrail.com\/pl\/wp-json\/wp\/v2\/pages\/102\/revisions"}],"predecessor-version":[{"id":117,"href":"https:\/\/driztrail.com\/pl\/wp-json\/wp\/v2\/pages\/102\/revisions\/117"}],"wp:attachment":[{"href":"https:\/\/driztrail.com\/pl\/wp-json\/wp\/v2\/media?parent=102"}],"curies":[{"name":"wp","href":"https:\/\/api.w.org\/{rel}","templated":true}]}}