    {"id":97,"date":"2025-06-29T14:49:13","date_gmt":"2025-06-29T14:49:13","guid":{"rendered":"https:\/\/driztrail.com\/?page_id=97"},"modified":"2025-10-23T14:50:36","modified_gmt":"2025-10-23T14:50:36","slug":"terms-of-use","status":"publish","type":"page","link":"https:\/\/driztrail.com\/pl\/terms-of-use\/","title":{"rendered":"Warunki korzystania"},"content":{"rendered":"<p><strong>Ostatnia aktualizacja: 29 czerwca 2025 r.<\/strong><\/p>\n\n\n\n<p>Szlak Driz (<a class=\"\" href=\"https:\/\/driztrail.com\/pl\/\">https:\/\/driztrail.com<\/a>) to niezale\u017cna platforma zajmuj\u0105ca si\u0119 organizacj\u0105 i promocj\u0105 wydarze\u0144 sportowych, takich jak biegi prze\u0142ajowe, wyzwania wytrzyma\u0142o\u015bciowe i zawody multidyscyplinarne. Uzyskuj\u0105c dost\u0119p do tej strony internetowej lub korzystaj\u0105c z niej, zgadzasz si\u0119 przestrzega\u0107 poni\u017cszych warunk\u00f3w, zasad i zasad.<\/p>\n\n\n\n<p>Niniejsze Warunki Korzystania okre\u015blaj\u0105 prawa i obowi\u0105zki u\u017cytkownik\u00f3w korzystaj\u0105cych z platformy DrizTrail. Korzystanie z serwisu podlega r\u00f3wnie\u017c naszej Polityce Prywatno\u015bci.<\/p>\n\n\n\n<p><strong>PROSIMY O UWA\u017bNE PRZECZYTANIE NINIEJSZYCH WARUNK\u00d3W. JE\u015aLI NIE ZGADZASZ SI\u0118 Z JAK\u0104KOLWIEK CZ\u0118\u015aCI\u0104 WARUNK\u00d3W, NIE KORZYSTAJ Z US\u0141UG DRIZTRAIL ANI \u017bADNYCH Z JEGO US\u0141UG.<\/strong><\/p>\n\n\n\n<h2 class=\"wp-block-heading\">Artyku\u0142 I \u2013 Umowa u\u017cytkownika<\/h2>\n\n\n\n<p>1.1 Korzystaj\u0105c z serwisu DrizTrail, potwierdzasz, \u017ce w pe\u0142ni akceptujesz niniejsze Warunki korzystania i nasz\u0105 Polityk\u0119 prywatno\u015bci.<br>1.2 Aby korzysta\u0107 z tej platformy, musisz mie\u0107 uko\u0144czone 18 lat lub posiada\u0107 zdolno\u015b\u0107 prawn\u0105 w kraju zamieszkania.<br>1.3 Je\u017celi nie spe\u0142niasz tych warunk\u00f3w lub nie zgadzasz si\u0119 z jakimkolwiek postanowieniem, nie masz prawa korzysta\u0107 z us\u0142ug.<\/p>\n\n\n\n<h2 class=\"wp-block-heading\">Artyku\u0142 II \u2013 Komunikacja<\/h2>\n\n\n\n<p>2.1 DrizTrail oferuje uczestnikom oficjalne kana\u0142y umo\u017cliwiaj\u0105ce zadawanie pyta\u0144, proszenie o wsparcie i przesy\u0142anie opinii.<br>2.2 Mo\u017cesz si\u0119 z nami skontaktowa\u0107 poprzez nasz\u0105 stron\u0119 kontaktow\u0105 lub za po\u015brednictwem podanego tam adresu e-mail.<\/p>\n\n\n\n<h2 class=\"wp-block-heading\">Artyku\u0142 III \u2013 Obowi\u0105zki Stron<\/h2>\n\n\n\n<p>3.1 U\u017cytkownicy zobowi\u0105zuj\u0105 si\u0119 korzysta\u0107 z platformy w spos\u00f3b odpowiedzialny, przestrzegaj\u0105c wszystkich obowi\u0105zuj\u0105cych warunk\u00f3w i zasad.<br>3.2 DrizTrail mo\u017ce zawiera\u0107 linki do stron internetowych os\u00f3b trzecich w celu zapewnienia dodatkowej zawarto\u015bci lub wygody.<br>3.3 Po przekierowaniu u\u017cytkownicy podlegaj\u0105 zasadom obowi\u0105zuj\u0105cym na stronie zewn\u0119trznej. DrizTrail nie ponosi odpowiedzialno\u015bci za dok\u0142adno\u015b\u0107, praktyki ani wiarygodno\u015b\u0107 tre\u015bci stron trzecich.<br>3.4 U\u017cytkownicy ponosz\u0105 wy\u0142\u0105czn\u0105 odpowiedzialno\u015b\u0107 za zabezpieczenie swojego po\u0142\u0105czenia internetowego, urz\u0105dze\u0144 i dost\u0119pu do konta podczas korzystania z DrizTrail.<br>3.5 DrizTrail nie ponosi odpowiedzialno\u015bci za awarie techniczne, nieautoryzowany dost\u0119p lub niew\u0142a\u015bciwe u\u017cycie platformy pozostaj\u0105ce poza nasz\u0105 uzasadnion\u0105 kontrol\u0105.<br>3.6 Nigdy nie b\u0119dziemy prosi\u0107 o podanie poufnych informacji, takich jak dane bankowe lub has\u0142a, za po\u015brednictwem nieoficjalnych kana\u0142\u00f3w.<br>3.7 Wszelk\u0105 podejrzan\u0105 korespondencj\u0119 nale\u017cy natychmiast zg\u0142osi\u0107 za po\u015brednictwem naszej oficjalnej strony kontaktowej.<\/p>\n\n\n\n<h2 class=\"wp-block-heading\">Artyku\u0142 IV \u2013 Zabronione zachowanie<\/h2>\n\n\n\n<p>Na terenie DrizTrail surowo zabrania si\u0119 nast\u0119puj\u0105cych czynno\u015bci:<\/p>\n\n\n\n<ul>\n<li>Podejmowanie dzia\u0142a\u0144 niezgodnych z prawem lub oszuka\u0144czych<\/li>\n\n\n\n<li>Naruszenie praw w\u0142asno\u015bci intelektualnej lub prywatno\u015bci<\/li>\n\n\n\n<li>Przesy\u0142anie lub rozpowszechnianie szkodliwego kodu lub z\u0142o\u015bliwego oprogramowania<\/li>\n\n\n\n<li>Podszywanie si\u0119 pod osoby lub organizacje<\/li>\n\n\n\n<li>Zbieranie danych bez zgody<\/li>\n\n\n\n<li>Rozpowszechnianie tre\u015bci wprowadzaj\u0105cych w b\u0142\u0105d lub nieautoryzowanych<\/li>\n\n\n\n<li>N\u0119kanie, gro\u017cenie lub znies\u0142awianie innych<\/li>\n\n\n\n<li>Pr\u00f3ba zak\u0142\u00f3cenia lub uszkodzenia dzia\u0142ania platformy<\/li>\n<\/ul>\n\n\n\n<p>Naruszenia mog\u0105 skutkowa\u0107 zawieszeniem konta lub sta\u0142\u0105 odmow\u0105 dost\u0119pu bez wcze\u015bniejszego powiadomienia.<\/p>\n\n\n\n<h2 class=\"wp-block-heading\">Artyku\u0142 V \u2013 Ograniczenie odpowiedzialno\u015bci i gwarancji<\/h2>\n\n\n\n<p>DrizTrail udost\u0119pnia swoje us\u0142ugi i tre\u015bci \u201ew stanie, w jakim si\u0119 znajduj\u0105\u201d i \u201ew miar\u0119 dost\u0119pno\u015bci\u201d, bez jakichkolwiek gwarancji, wyra\u017anych lub dorozumianych.<br>Nie gwarantujemy nieprzerwanego dost\u0119pu, ca\u0142kowitej dok\u0142adno\u015bci ani tego, \u017ce ca\u0142a tre\u015b\u0107 b\u0119dzie wolna od b\u0142\u0119d\u00f3w lub odpowiednia dla wszystkich u\u017cytkownik\u00f3w.<br>W maksymalnym zakresie dozwolonym przez prawo DrizTrail nie ponosi odpowiedzialno\u015bci za jakiekolwiek szkody bezpo\u015brednie lub po\u015brednie wynikaj\u0105ce z korzystania z tej witryny lub jej tre\u015bci.<\/p>\n\n\n\n<h2 class=\"wp-block-heading\">Artyku\u0142 VI \u2013 Termin prawny i roszczenia<\/h2>\n\n\n\n<p>Niniejsze Warunki korzystania pozostaj\u0105 wa\u017cne na czas nieokre\u015blony.<br>Wszelkie roszczenia prawne lub spory zwi\u0105zane z platform\u0105 musz\u0105 zosta\u0107 zg\u0142oszone w ci\u0105gu 90 (dziewi\u0119\u0107dziesi\u0119ciu) dni od zdarzenia, kt\u00f3re spowodowa\u0142o dany sp\u00f3r.<\/p>\n\n\n\n<h2 class=\"wp-block-heading\">Artyku\u0142 VII \u2013 Prawo w\u0142a\u015bciwe i jurysdykcja<\/h2>\n\n\n\n<p>Niniejsze Warunki korzystania podlegaj\u0105 przepisom i interpretacji zgodnie z <strong>prawa Republiki Estonii<\/strong>Wszelkie spory, kontrowersje lub roszczenia wynikaj\u0105ce z niniejszych Warunk\u00f3w lub zwi\u0105zane z nimi lub korzystaniem z tej witryny internetowej b\u0119d\u0105 rozstrzygane zgodnie z prawem esto\u0144skim, zgodnie z <strong>wy\u0142\u0105czna jurysdykcja s\u0105d\u00f3w w Tallinie w Estonii<\/strong>.<br>Klauzula ta zapewnia przejrzysto\u015b\u0107 prawn\u0105 i zgodno\u015b\u0107 z najlepszymi praktykami w zakresie zgodno\u015bci z prawem mi\u0119dzynarodowym, zgodnie z przepisami prawa esto\u0144skiego <em>Ustawa o prawie zobowi\u0105za\u0144<\/em> I <em>Ustawa o prawie prywatnym mi\u0119dzynarodowym<\/em>.<\/p>\n\n\n\n<h2 class=\"wp-block-heading\">Artyku\u0142 VIII \u2013 W\u0142asno\u015b\u0107 intelektualna<\/h2>\n\n\n\n<p>8.1 Wszelkie tre\u015bci dost\u0119pne na stronie DrizTrail \u2014 w tym materia\u0142y dotycz\u0105ce wydarzenia, logotypy, teksty, obrazy i branding \u2014 s\u0105 chronione na mocy prawa w\u0142asno\u015bci intelektualnej.<br>8.2 \u017badna cz\u0119\u015b\u0107 tre\u015bci nie mo\u017ce by\u0107 powielana, rozpowszechniana ani wykorzystywana komercyjnie bez uprzedniej pisemnej zgody.<br>8.3 Tre\u015bci przes\u0142ane przez u\u017cytkownika (np. recenzje, komentarze, zdj\u0119cia) pozostaj\u0105 odpowiedzialno\u015bci\u0105 u\u017cytkownika. DrizTrail zastrzega sobie prawo do usuni\u0119cia wszelkich tre\u015bci uznanych za niew\u0142a\u015bciwe lub niezgodne z prawem.<\/p>\n\n\n\n<h2 class=\"wp-block-heading\">Artyku\u0142 IX \u2013 Zmiany w Warunkach<\/h2>\n\n\n\n<p>DrizTrail mo\u017ce aktualizowa\u0107 lub modyfikowa\u0107 niniejsze Warunki korzystania w dowolnym momencie i bez wcze\u015bniejszego powiadomienia.<br>Obowi\u0105zkiem u\u017cytkownika jest okresowe przegl\u0105danie tej strony. Dalsze korzystanie z platformy oznacza akceptacj\u0119 wszelkich zmian.<\/p>\n\n\n\n<h2 class=\"wp-block-heading\">Artyku\u0142 X \u2013 Kontakt<\/h2>\n\n\n\n<p>W przypadku pyta\u0144 lub w\u0105tpliwo\u015bci dotycz\u0105cych niniejszych Warunk\u00f3w korzystania prosimy o kontakt za po\u015brednictwem:<br><a>https:\/\/driztrail.com\/contact<\/a><br>E-mail: <a>support@driztrail.com<\/a> <\/p>\n\n\n\n<p><strong>JE\u015aLI NIE ZGADZASZ SI\u0118 Z TYMI WARUNKAMI, PROSIMY O NIEKORZYSTANIE Z US\u0141UG DRIZTRAIL.<\/strong><\/p>","protected":false},"excerpt":{"rendered":"<p>Ostatnia aktualizacja: 29 czerwca 2025 r. DrizTrail (https:\/\/driztrail.com) to niezale\u017cna platforma zajmuj\u0105ca si\u0119 organizacj\u0105 i promocj\u0105 wydarze\u0144 sportowych, takich jak biegi prze\u0142ajowe, wyzwania wytrzyma\u0142o\u015bciowe i zawody multisportowe. Uzyskuj\u0105c dost\u0119p do tej strony internetowej lub korzystaj\u0105c z niej, zgadzasz si\u0119 przestrzega\u0107 poni\u017cszych warunk\u00f3w, zasad i zasad. Niniejsze Warunki Korzystania okre\u015blaj\u0105 prawa i obowi\u0105zki [\u2026]<\/p>","protected":false},"author":198,"featured_media":0,"parent":0,"menu_order":0,"comment_status":"closed","ping_status":"closed","template":"","meta":{"footnotes":""},"_links":{"self":[{"href":"https:\/\/driztrail.com\/pl\/wp-json\/wp\/v2\/pages\/97"}],"collection":[{"href":"https:\/\/driztrail.com\/pl\/wp-json\/wp\/v2\/pages"}],"about":[{"href":"https:\/\/driztrail.com\/pl\/wp-json\/wp\/v2\/types\/page"}],"author":[{"embeddable":true,"href":"https:\/\/driztrail.com\/pl\/wp-json\/wp\/v2\/users\/198"}],"replies":[{"embeddable":true,"href":"https:\/\/driztrail.com\/pl\/wp-json\/wp\/v2\/comments?post=97"}],"version-history":[{"count":2,"href":"https:\/\/driztrail.com\/pl\/wp-json\/wp\/v2\/pages\/97\/revisions"}],"predecessor-version":[{"id":813,"href":"https:\/\/driztrail.com\/pl\/wp-json\/wp\/v2\/pages\/97\/revisions\/813"}],"wp:attachment":[{"href":"https:\/\/driztrail.com\/pl\/wp-json\/wp\/v2\/media?parent=97"}],"curies":[{"name":"wp","href":"https:\/\/api.w.org\/{rel}","templated":true}]}}