    {"id":102,"date":"2025-06-29T14:50:41","date_gmt":"2025-06-29T14:50:41","guid":{"rendered":"https:\/\/driztrail.com\/?page_id=102"},"modified":"2025-06-29T17:21:40","modified_gmt":"2025-06-29T17:21:40","slug":"contact","status":"publish","type":"page","link":"https:\/\/driztrail.com\/pt\/contact\/","title":{"rendered":"Contato"},"content":{"rendered":"<p>Obrigado pela visita <strong>Trilha Driz<\/strong>, sua plataforma confi\u00e1vel para insights digitais, inova\u00e7\u00e3o de conte\u00fado e tend\u00eancias emergentes. Valorizamos suas mensagens e estamos aqui para apoiar, conectar e colaborar com voc\u00ea.<\/p>\n\n\n\n<h3 class=\"wp-block-heading\"><strong>Consultas Gerais<\/strong><\/h3>\n\n\n\n<p>Tem alguma pergunta sobre <strong>Trilha Driz<\/strong> ou apenas quer entrar em contato? Envie-nos um e-mail para <strong><a>contato@driztrail.com<\/a><\/strong><br>Adoramos ouvir a opini\u00e3o da nossa comunidade e entraremos em contato com voc\u00ea o mais breve poss\u00edvel.<\/p>\n\n\n\n<h3 class=\"wp-block-heading\"><strong>Sugest\u00f5es e contribui\u00e7\u00f5es de conte\u00fado<\/strong><\/h3>\n\n\n\n<p>Tem uma ideia para um novo artigo? Quer compartilhar sua experi\u00eancia ou sugerir um t\u00f3pico que devemos abordar? Entre em contato conosco <strong><a>editor@driztrail.com<\/a><\/strong><br>Estamos sempre buscando novas perspectivas e vozes no mundo da tecnologia, comunica\u00e7\u00e3o e conte\u00fado digital.<\/p>\n\n\n\n<h3 class=\"wp-block-heading\"><strong>Suporte t\u00e9cnico<\/strong><\/h3>\n\n\n\n<p>Se voc\u00ea estiver enfrentando algum problema com nossa plataforma ou precisar de ajuda para acessar o conte\u00fado, n\u00e3o hesite em nos contatar em <strong><a>support@driztrail.com<\/a><\/strong><br>Estamos aqui para garantir sua experi\u00eancia com <strong>Trilha Driz<\/strong> \u00e9 o mais suave poss\u00edvel.<\/p>\n\n\n\n<h3 class=\"wp-block-heading\"><strong>Fique conectado<\/strong><\/h3>\n\n\n\n<p><strong>Trilha Driz<\/strong> \u00e9 uma plataforma digital criada para leitores, criadores e mentes curiosas do mundo todo. Embora n\u00e3o tenhamos um escrit\u00f3rio f\u00edsico, estamos sempre online \u2014 prontos para ouvir, apoiar e crescer com voc\u00ea.<\/p>\n\n\n\n<p>Obrigado novamente por fazer parte do <strong>Trilha Driz<\/strong> comunidade. Aguardamos seu contato!<\/p>\n\n\n\n<p><strong>Atenciosamente,<\/strong><br><strong>A equipe DrizTrail<\/strong><\/p>","protected":false},"excerpt":{"rendered":"<p>Obrigado por visitar o DrizTrail, sua plataforma confi\u00e1vel para insights digitais, inova\u00e7\u00e3o de conte\u00fado e tend\u00eancias emergentes. Valorizamos muito suas mensagens e estamos aqui para apoiar, conectar e colaborar com voc\u00ea. D\u00favidas gerais Tem alguma pergunta sobre o DrizTrail ou simplesmente quer entrar em contato? Envie um e-mail para contact@driztrail.com. Adoramos receber mensagens da nossa comunidade e responderemos a todas elas.<\/p>","protected":false},"author":198,"featured_media":0,"parent":0,"menu_order":0,"comment_status":"closed","ping_status":"closed","template":"","meta":{"footnotes":""},"_links":{"self":[{"href":"https:\/\/driztrail.com\/pt\/wp-json\/wp\/v2\/pages\/102"}],"collection":[{"href":"https:\/\/driztrail.com\/pt\/wp-json\/wp\/v2\/pages"}],"about":[{"href":"https:\/\/driztrail.com\/pt\/wp-json\/wp\/v2\/types\/page"}],"author":[{"embeddable":true,"href":"https:\/\/driztrail.com\/pt\/wp-json\/wp\/v2\/users\/198"}],"replies":[{"embeddable":true,"href":"https:\/\/driztrail.com\/pt\/wp-json\/wp\/v2\/comments?post=102"}],"version-history":[{"count":2,"href":"https:\/\/driztrail.com\/pt\/wp-json\/wp\/v2\/pages\/102\/revisions"}],"predecessor-version":[{"id":117,"href":"https:\/\/driztrail.com\/pt\/wp-json\/wp\/v2\/pages\/102\/revisions\/117"}],"wp:attachment":[{"href":"https:\/\/driztrail.com\/pt\/wp-json\/wp\/v2\/media?parent=102"}],"curies":[{"name":"wp","href":"https:\/\/api.w.org\/{rel}","templated":true}]}}