    {"id":100,"date":"2025-06-29T14:49:48","date_gmt":"2025-06-29T14:49:48","guid":{"rendered":"https:\/\/driztrail.com\/?page_id=100"},"modified":"2025-11-28T15:49:59","modified_gmt":"2025-11-28T15:49:59","slug":"about-us","status":"publish","type":"page","link":"https:\/\/driztrail.com\/ro\/about-us\/","title":{"rendered":"Despre noi"},"content":{"rendered":"<h1 class=\"wp-block-heading\"><\/h1>\n\n\n\n<p><strong>Bun venit la DrizTrail \u2014 unde curiozitatea \u00eent\u00e2lne\u0219te claritatea, iar fiecare intui\u021bie duce la descoperire.<\/strong><br>Indiferent dac\u0103 e\u0219ti pasionat de natur\u0103, fascinat de tehnologie, motivat de marketing, inspirat de inova\u021bie sau intrigat de comportamentul uman, DrizTrail este aici pentru a te ghida \u00een c\u0103l\u0103toria prin idei care modeleaz\u0103 lumea.<\/p>\n\n\n\n<h2 class=\"wp-block-heading\"><strong>Ce ne mi\u0219c\u0103<\/strong><\/h2>\n\n\n\n<p>La DrizTrail, credem c\u0103 cunoa\u0219terea este mai mult dec\u00e2t informa\u021bie - este o modalitate de a explora cum func\u021bioneaz\u0103 lumea.<br>Misiunea noastr\u0103 este simpl\u0103: s\u0103 cre\u0103m articole accesibile, bine elaborate, care conecteaz\u0103 diverse teme precum natura, marketingul, tehnologia, inova\u021bia \u0219i comportamentul \u00eentr-un mod semnificativ.<\/p>\n\n\n\n<p>Ne propunem s\u0103 st\u00e2rnim curiozitatea, s\u0103 \u00eencuraj\u0103m g\u00e2ndirea critic\u0103 \u0219i s\u0103 oferim perspective care s\u0103 ajute cititorii s\u0103 navigheze \u00eentr-o lume \u00een continu\u0103 schimbare \u2014 o perspectiv\u0103 pe r\u00e2nd.<\/p>\n\n\n\n<h2 class=\"wp-block-heading\"><strong>Cine suntem<\/strong><\/h2>\n\n\n\n<p>Suntem o echip\u0103 de scriitori, cercet\u0103tori \u0219i creatori c\u0103rora le place s\u0103 transforme idei complexe \u00een con\u021binut care informeaz\u0103, inspir\u0103 \u0219i captiveaz\u0103.<br>DrizTrail s-a n\u0103scut din dorin\u021ba de a \u00eembina comunicarea accesibil\u0103 cu cuno\u0219tin\u021bele multidisciplinare \u2014 de la concepte de mediu la tendin\u021be digitale, de la comportamentul uman la tehnologiile emergente.<\/p>\n\n\n\n<p>Fiecare articol este dezvoltat cu claritate, responsabilitate \u0219i integritate editorial\u0103, echilibr\u00e2nd relevan\u021ba cu acurate\u021bea.<\/p>\n\n\n\n<p>Pre\u021buim incluziunea, transparen\u021ba \u0219i con\u021binutul atent g\u00e2ndit \u2014 \u0219i ne angaj\u0103m s\u0103 oferim articole fiabile \u0219i bine structurate pentru cititori din toate mediile.<\/p>\n\n\n\n<h2 class=\"wp-block-heading\"><strong>Al\u0103tur\u0103-te c\u0103l\u0103toriei<\/strong><\/h2>\n\n\n\n<p>Ai un subiect pe care \u021bi-ar pl\u0103cea s\u0103-l vezi explorat? Vrei s\u0103 colabor\u0103m, s\u0103 contribuim sau s\u0103 ne \u00eemp\u0103rt\u0103\u0219im perspectiva? Ne-ar pl\u0103cea s\u0103 auzim de tine.<br>DrizTrail cre\u0219te odat\u0103 cu vocile oamenilor care cred \u00een con\u021binutul cu scop precis \u2014 \u0219i asta te include \u0219i pe tine.<\/p>\n\n\n\n<p>Haide\u021bi s\u0103 mergem mai departe, \u00eempreun\u0103 \u2014 c\u00e2te o idee, o perspectiv\u0103, o lectur\u0103 semnificativ\u0103 pe r\u00e2nd.<\/p>","protected":false},"excerpt":{"rendered":"<p>Bun venit la DrizTrail \u2014 unde curiozitatea \u00eent\u00e2lne\u0219te claritatea, iar fiecare perspectiv\u0103 duce la descoperire. Fie c\u0103 e\u0219ti pasionat de natur\u0103, fascinat de tehnologie, motivat de marketing, inspirat de inova\u021bie sau intrigat de comportamentul uman, DrizTrail este aici pentru a te ghida \u00een c\u0103l\u0103toria ta prin idei care modeleaz\u0103 lumea. Ceea ce ne mi\u0219c\u0103 La DrizTrail, credem c\u0103 cunoa\u0219terea este mai mult [\u2026]<\/p>","protected":false},"author":198,"featured_media":0,"parent":0,"menu_order":0,"comment_status":"closed","ping_status":"closed","template":"","meta":{"footnotes":""},"_links":{"self":[{"href":"https:\/\/driztrail.com\/ro\/wp-json\/wp\/v2\/pages\/100"}],"collection":[{"href":"https:\/\/driztrail.com\/ro\/wp-json\/wp\/v2\/pages"}],"about":[{"href":"https:\/\/driztrail.com\/ro\/wp-json\/wp\/v2\/types\/page"}],"author":[{"embeddable":true,"href":"https:\/\/driztrail.com\/ro\/wp-json\/wp\/v2\/users\/198"}],"replies":[{"embeddable":true,"href":"https:\/\/driztrail.com\/ro\/wp-json\/wp\/v2\/comments?post=100"}],"version-history":[{"count":2,"href":"https:\/\/driztrail.com\/ro\/wp-json\/wp\/v2\/pages\/100\/revisions"}],"predecessor-version":[{"id":1075,"href":"https:\/\/driztrail.com\/ro\/wp-json\/wp\/v2\/pages\/100\/revisions\/1075"}],"wp:attachment":[{"href":"https:\/\/driztrail.com\/ro\/wp-json\/wp\/v2\/media?parent=100"}],"curies":[{"name":"wp","href":"https:\/\/api.w.org\/{rel}","templated":true}]}}