    {"id":102,"date":"2025-06-29T14:50:41","date_gmt":"2025-06-29T14:50:41","guid":{"rendered":"https:\/\/driztrail.com\/?page_id=102"},"modified":"2025-06-29T17:21:40","modified_gmt":"2025-06-29T17:21:40","slug":"contact","status":"publish","type":"page","link":"https:\/\/driztrail.com\/ro\/contact\/","title":{"rendered":"Contact"},"content":{"rendered":"<p>V\u0103 mul\u021bumim pentru vizit\u0103 <strong>DrizTrail<\/strong>, platforma ta de \u00eencredere pentru informa\u021bii digitale, inovare \u00een con\u021binut \u0219i tendin\u021be emergente. Apreciem cu adev\u0103rat mesajele tale \u0219i suntem aici pentru a te sprijini, a te conecta \u0219i a colabora cu tine.<\/p>\n\n\n\n<h3 class=\"wp-block-heading\"><strong>\u00centreb\u0103ri generale<\/strong><\/h3>\n\n\n\n<p>Am o \u00eentrebare despre <strong>DrizTrail<\/strong> sau pur \u0219i simplu dori\u021bi s\u0103 ne contacta\u021bi? Trimite\u021bi-ne un e-mail la <strong><a>contact@driztrail.com<\/a><\/strong><br>Ne place s\u0103 auzim ve\u0219ti de la comunitatea noastr\u0103 \u0219i v\u0103 vom contacta c\u00e2t mai cur\u00e2nd posibil.<\/p>\n\n\n\n<h3 class=\"wp-block-heading\"><strong>Sugestii \u0219i contribu\u021bii de con\u021binut<\/strong><\/h3>\n\n\n\n<p>Ai o idee pentru un articol nou? Vrei s\u0103-\u021bi \u00eemp\u0103rt\u0103\u0219e\u0219ti expertiza sau s\u0103 sugerezi un subiect pe care ar trebui s\u0103-l abord\u0103m? Contacteaz\u0103-ne. <strong><a>editor@driztrail.com<\/a><\/strong><br>Suntem mereu \u00een c\u0103utare de perspective \u0219i voci noi \u00een lumea tehnologiei, comunic\u0103rii \u0219i con\u021binutului digital.<\/p>\n\n\n\n<h3 class=\"wp-block-heading\"><strong>Asisten\u021b\u0103 tehnic\u0103<\/strong><\/h3>\n\n\n\n<p>Dac\u0103 \u00eent\u00e2mpina\u021bi probleme cu platforma noastr\u0103 sau ave\u021bi nevoie de ajutor pentru accesarea con\u021binutului, nu ezita\u021bi s\u0103 ne contacta\u021bi la <strong><a>support@driztrail.com<\/a><\/strong><br>Suntem aici pentru a v\u0103 asigura experien\u021ba cu <strong>DrizTrail<\/strong> este c\u00e2t mai lin\u0103 posibil.<\/p>\n\n\n\n<h3 class=\"wp-block-heading\"><strong>R\u0103m\u00e2i conectat<\/strong><\/h3>\n\n\n\n<p><strong>DrizTrail<\/strong> este o platform\u0103 digital\u0103, construit\u0103 pentru cititori, creatori \u0219i min\u021bi curioase din \u00eentreaga lume. De\u0219i nu oper\u0103m dintr-un birou fizic, suntem mereu online - gata s\u0103 v\u0103 ascult\u0103m, s\u0103 v\u0103 sprijinim \u0219i s\u0103 cre\u0219tem al\u0103turi de voi.<\/p>\n\n\n\n<p>Mul\u021bumesc \u00eenc\u0103 o dat\u0103 c\u0103 faci parte din <strong>DrizTrail<\/strong> comunitate. A\u0219tept\u0103m cu ner\u0103bdare s\u0103 v\u0103 auzim!<\/p>\n\n\n\n<p><strong>Salut\u0103ri calde,<\/strong><br><strong>Echipa DrizTrail<\/strong><\/p>","protected":false},"excerpt":{"rendered":"<p>V\u0103 mul\u021bumim c\u0103 a\u021bi vizitat DrizTrail, platforma dumneavoastr\u0103 de \u00eencredere pentru informa\u021bii digitale, inova\u021bie \u00een con\u021binut \u0219i tendin\u021be emergente. Apreciem cu adev\u0103rat mesajele dumneavoastr\u0103 \u0219i suntem aici pentru a v\u0103 sprijini, a v\u0103 conecta \u0219i a colabora cu dumneavoastr\u0103. \u00centreb\u0103ri generale Ave\u021bi o \u00eentrebare despre DrizTrail sau dori\u021bi doar s\u0103 ne contacta\u021bi? E-maila\u021bi-ne la contact@driztrail.com Ne place s\u0103 auzim de la comunitatea noastr\u0103 \u0219i vom [\u2026]<\/p>","protected":false},"author":198,"featured_media":0,"parent":0,"menu_order":0,"comment_status":"closed","ping_status":"closed","template":"","meta":{"footnotes":""},"_links":{"self":[{"href":"https:\/\/driztrail.com\/ro\/wp-json\/wp\/v2\/pages\/102"}],"collection":[{"href":"https:\/\/driztrail.com\/ro\/wp-json\/wp\/v2\/pages"}],"about":[{"href":"https:\/\/driztrail.com\/ro\/wp-json\/wp\/v2\/types\/page"}],"author":[{"embeddable":true,"href":"https:\/\/driztrail.com\/ro\/wp-json\/wp\/v2\/users\/198"}],"replies":[{"embeddable":true,"href":"https:\/\/driztrail.com\/ro\/wp-json\/wp\/v2\/comments?post=102"}],"version-history":[{"count":2,"href":"https:\/\/driztrail.com\/ro\/wp-json\/wp\/v2\/pages\/102\/revisions"}],"predecessor-version":[{"id":117,"href":"https:\/\/driztrail.com\/ro\/wp-json\/wp\/v2\/pages\/102\/revisions\/117"}],"wp:attachment":[{"href":"https:\/\/driztrail.com\/ro\/wp-json\/wp\/v2\/media?parent=102"}],"curies":[{"name":"wp","href":"https:\/\/api.w.org\/{rel}","templated":true}]}}