    {"id":100,"date":"2025-06-29T14:49:48","date_gmt":"2025-06-29T14:49:48","guid":{"rendered":"https:\/\/driztrail.com\/?page_id=100"},"modified":"2025-11-28T15:49:59","modified_gmt":"2025-11-28T15:49:59","slug":"about-us","status":"publish","type":"page","link":"https:\/\/driztrail.com\/tr\/about-us\/","title":{"rendered":"Hakk\u0131m\u0131zda"},"content":{"rendered":"<h1 class=\"wp-block-heading\"><\/h1>\n\n\n\n<p><strong>Merak\u0131n netlikle bulu\u015ftu\u011fu ve her i\u00e7g\u00f6r\u00fcn\u00fcn ke\u015ffe yol a\u00e7t\u0131\u011f\u0131 DrizTrail&#039;e ho\u015f geldiniz.<\/strong><br>Do\u011faya tutkulu olun, teknolojiye hayran olun, pazarlaman\u0131n pe\u015finden ko\u015fun, inovasyondan ilham al\u0131n veya insan davran\u0131\u015flar\u0131na merakl\u0131 olun, DrizTrail d\u00fcnyay\u0131 \u015fekillendiren fikirler yolculu\u011funuzda size rehberlik etmek i\u00e7in burada.<\/p>\n\n\n\n<h2 class=\"wp-block-heading\"><strong>Bizi ne harekete ge\u00e7irir?<\/strong><\/h2>\n\n\n\n<p>DrizTrail&#039;de bilginin enformasyondan daha fazlas\u0131 oldu\u011funa inan\u0131yoruz; bilgi, d\u00fcnyan\u0131n nas\u0131l i\u015fledi\u011fini ke\u015ffetmenin bir yoludur.<br>Misyonumuz basit: Do\u011fa, pazarlama, teknoloji, inovasyon ve davran\u0131\u015f gibi \u00e7e\u015fitli temalar\u0131 anlaml\u0131 bir \u015fekilde birbirine ba\u011flayan, eri\u015filebilir ve iyi haz\u0131rlanm\u0131\u015f makaleler olu\u015fturmak.<\/p>\n\n\n\n<p>Merak uyand\u0131rmay\u0131, ele\u015ftirel d\u00fc\u015f\u00fcnmeyi te\u015fvik etmeyi ve okuyucular\u0131n s\u00fcrekli de\u011fi\u015fen bir d\u00fcnyada yol almalar\u0131na yard\u0131mc\u0131 olacak bak\u0131\u015f a\u00e7\u0131lar\u0131 sunmay\u0131 ama\u00e7l\u0131yoruz; her seferinde bir bak\u0131\u015f a\u00e7\u0131s\u0131.<\/p>\n\n\n\n<h2 class=\"wp-block-heading\"><strong>Biz kimiz<\/strong><\/h2>\n\n\n\n<p>Karma\u015f\u0131k fikirleri bilgilendiren, ilham veren ve ilgi \u00e7ekici i\u00e7eriklere d\u00f6n\u00fc\u015ft\u00fcrmekten keyif alan yazarlardan, ara\u015ft\u0131rmac\u0131lardan ve yarat\u0131c\u0131lardan olu\u015fan bir ekibiz.<br>DrizTrail, \u00e7evresel kavramlardan dijital trendlere, insan davran\u0131\u015flar\u0131ndan yeni ortaya \u00e7\u0131kan teknolojilere kadar, eri\u015filebilir ileti\u015fimi disiplinleraras\u0131 bilgiyle harmanlama arzusundan do\u011fdu.<\/p>\n\n\n\n<p>Her makale a\u00e7\u0131kl\u0131k, sorumluluk ve editoryal b\u00fct\u00fcnl\u00fckle geli\u015ftirilir, alaka ile do\u011fruluk dengelenir.<\/p>\n\n\n\n<p>Kapsay\u0131c\u0131l\u0131\u011fa, \u015feffafl\u0131\u011fa ve d\u00fc\u015f\u00fcnceli i\u00e7eri\u011fe de\u011fer veriyoruz ve her kesimden okuyucuya g\u00fcvenilir, iyi yap\u0131land\u0131r\u0131lm\u0131\u015f makaleler sunmaya kararl\u0131y\u0131z.<\/p>\n\n\n\n<h2 class=\"wp-block-heading\"><strong>Yolculu\u011fa kat\u0131l\u0131n<\/strong><\/h2>\n\n\n\n<p>Ara\u015ft\u0131r\u0131lmas\u0131n\u0131 istedi\u011finiz bir konu mu var? \u0130\u015f birli\u011fi yapmak, katk\u0131da bulunmak veya bak\u0131\u015f a\u00e7\u0131n\u0131z\u0131 payla\u015fmak m\u0131 istiyorsunuz? Sizden haber almak isteriz.<br>DrizTrail, ama\u00e7l\u0131 i\u00e7eri\u011fe inanan insanlar\u0131n sesleriyle b\u00fcy\u00fcyor; buna siz de dahilsiniz.<\/p>\n\n\n\n<p>Birlikte daha da ileriye gidelim; bir fikir, bir i\u00e7g\u00f6r\u00fc, bir anlaml\u0131 okumayla.<\/p>","protected":false},"excerpt":{"rendered":"<p>Welcome to DrizTrail \u2014 where curiosity meets clarity, and every insight leads to discovery.Whether you\u2019re passionate about nature, fascinated by technology, driven by marketing, inspired by innovation, or intrigued by human behavior, DrizTrail is here to guide your journey through ideas that shape the world. What moves us At DrizTrail, we believe knowledge is more [&hellip;]<\/p>","protected":false},"author":198,"featured_media":0,"parent":0,"menu_order":0,"comment_status":"closed","ping_status":"closed","template":"","meta":{"footnotes":""},"_links":{"self":[{"href":"https:\/\/driztrail.com\/tr\/wp-json\/wp\/v2\/pages\/100"}],"collection":[{"href":"https:\/\/driztrail.com\/tr\/wp-json\/wp\/v2\/pages"}],"about":[{"href":"https:\/\/driztrail.com\/tr\/wp-json\/wp\/v2\/types\/page"}],"author":[{"embeddable":true,"href":"https:\/\/driztrail.com\/tr\/wp-json\/wp\/v2\/users\/198"}],"replies":[{"embeddable":true,"href":"https:\/\/driztrail.com\/tr\/wp-json\/wp\/v2\/comments?post=100"}],"version-history":[{"count":2,"href":"https:\/\/driztrail.com\/tr\/wp-json\/wp\/v2\/pages\/100\/revisions"}],"predecessor-version":[{"id":1075,"href":"https:\/\/driztrail.com\/tr\/wp-json\/wp\/v2\/pages\/100\/revisions\/1075"}],"wp:attachment":[{"href":"https:\/\/driztrail.com\/tr\/wp-json\/wp\/v2\/media?parent=100"}],"curies":[{"name":"wp","href":"https:\/\/api.w.org\/{rel}","templated":true}]}}