    {"id":97,"date":"2025-06-29T14:49:13","date_gmt":"2025-06-29T14:49:13","guid":{"rendered":"https:\/\/driztrail.com\/?page_id=97"},"modified":"2025-10-23T14:50:36","modified_gmt":"2025-10-23T14:50:36","slug":"terms-of-use","status":"publish","type":"page","link":"https:\/\/driztrail.com\/tr\/terms-of-use\/","title":{"rendered":"Kullan\u0131m \u015eartlar\u0131"},"content":{"rendered":"<p><strong>Son g\u00fcncelleme: 29 Haziran 2025<\/strong><\/p>\n\n\n\n<p>DrizTrail (<a class=\"\" href=\"https:\/\/driztrail.com\/tr\/\">https:\/\/driztrail.com<\/a>) patika yar\u0131\u015flar\u0131, dayan\u0131kl\u0131l\u0131k yar\u0131\u015fmalar\u0131 ve \u00e7oklu spor deneyimleri gibi spor etkinliklerini organize etmeye ve tan\u0131tmaya adanm\u0131\u015f ba\u011f\u0131ms\u0131z bir platformdur. Bu web sitesine eri\u015ferek veya kullanarak, a\u015fa\u011f\u0131da belirtilen h\u00fck\u00fcm, ko\u015ful ve politikalara uymay\u0131 kabul etmi\u015f olursunuz.<\/p>\n\n\n\n<p>Bu Kullan\u0131m Ko\u015fullar\u0131, DrizTrail platformuyla etkile\u015fim kuran kullan\u0131c\u0131lar\u0131n hak ve sorumluluklar\u0131n\u0131 belirler. Sitenin kullan\u0131m\u0131 ayn\u0131 zamanda Gizlilik Politikam\u0131z taraf\u0131ndan da y\u00f6netilir.<\/p>\n\n\n\n<p><strong>L\u00dcTFEN BU \u015eARTLARI D\u0130KKATL\u0130CE OKUYUN. HERHANG\u0130 B\u0130R B\u00d6L\u00dcM\u00dcN\u00dc KABUL ETM\u0130YORSANIZ, DRIZTRAIL&#039;\u0130 VEYA H\u0130ZMETLER\u0130NDEN H\u0130\u00c7B\u0130R\u0130N\u0130 KULLANMAYIN.<\/strong><\/p>\n\n\n\n<h2 class=\"wp-block-heading\">Madde I \u2013 Kullan\u0131c\u0131 S\u00f6zle\u015fmesi<\/h2>\n\n\n\n<p>1.1 DrizTrail&#039;i kullanarak, bu Kullan\u0131m Ko\u015fullar\u0131n\u0131 ve Gizlilik Politikam\u0131z\u0131 tamamen kabul etti\u011finizi onayl\u0131yorsunuz.<br>1.2 Bu platformu kullanmak i\u00e7in en az 18 ya\u015f\u0131nda olman\u0131z veya ikamet etti\u011finiz \u00fclkede yasal ehliyete sahip olman\u0131z gerekmektedir.<br>1.3 Bu \u015fartlar\u0131 yerine getirmiyorsan\u0131z veya herhangi bir maddeye kat\u0131lm\u0131yorsan\u0131z, hizmetleri kullanman\u0131za izin verilmez.<\/p>\n\n\n\n<h2 class=\"wp-block-heading\">Madde II \u2013 \u0130leti\u015fim<\/h2>\n\n\n\n<p>2.1 DrizTrail, kat\u0131l\u0131mc\u0131lar\u0131n soru sorabilecekleri, destek talep edebilecekleri veya geri bildirim sa\u011flayabilecekleri resmi kanallar sunmaktad\u0131r.<br>2.2 \u0130leti\u015fim Sayfam\u0131z \u00fczerinden veya orada belirtilen e-posta adresi \u00fczerinden bize ula\u015fabilirsiniz.<\/p>\n\n\n\n<h2 class=\"wp-block-heading\">Madde III \u2013 Taraflar\u0131n Sorumluluklar\u0131<\/h2>\n\n\n\n<p>3.1 Kullan\u0131c\u0131lar, t\u00fcm ge\u00e7erli h\u00fck\u00fcm ve politikalara uyarak platformla sorumlu bir \u015fekilde etkile\u015fimde bulunmay\u0131 kabul eder.<br>3.2 DrizTrail, ek i\u00e7erik veya kolayl\u0131k sa\u011flamak amac\u0131yla \u00fc\u00e7\u00fcnc\u00fc taraf web sitelerine ba\u011flant\u0131lar i\u00e7erebilir.<br>3.3 Y\u00f6nlendirildikten sonra kullan\u0131c\u0131lar harici sitenin politikalar\u0131na tabidir. DrizTrail, \u00fc\u00e7\u00fcnc\u00fc taraf i\u00e7eriklerinin do\u011frulu\u011fu, uygulamalar\u0131 veya g\u00fcvenilirli\u011finden sorumlu de\u011fildir.<br>3.4 Kullan\u0131c\u0131lar, DrizTrail&#039;i kullan\u0131rken internet ba\u011flant\u0131lar\u0131n\u0131n, cihazlar\u0131n\u0131n ve hesap eri\u015fimlerinin g\u00fcvenli\u011fini sa\u011flamaktan m\u00fcnhas\u0131ran sorumludur.<br>3.5 DrizTrail, makul kontrol\u00fcm\u00fcz d\u0131\u015f\u0131nda meydana gelen teknik ar\u0131zalardan, yetkisiz eri\u015fimlerden veya platformun k\u00f6t\u00fcye kullan\u0131m\u0131ndan sorumlu de\u011fildir.<br>3.6 Banka bilgileri veya \u015fifreler gibi hassas bilgileri hi\u00e7bir zaman resmi olmayan kanallar arac\u0131l\u0131\u011f\u0131yla talep etmeyece\u011fiz.<br>3.7 Herhangi bir \u015f\u00fcpheli ileti\u015fimi derhal resmi ileti\u015fim sayfam\u0131z arac\u0131l\u0131\u011f\u0131yla bildirmelisiniz.<\/p>\n\n\n\n<h2 class=\"wp-block-heading\">Madde IV \u2013 Yasaklanm\u0131\u015f Davran\u0131\u015flar<\/h2>\n\n\n\n<p>DrizTrail&#039;de a\u015fa\u011f\u0131daki aktiviteler kesinlikle yasakt\u0131r:<\/p>\n\n\n\n<ul>\n<li>Yasad\u0131\u015f\u0131 veya hileli eylemlerde bulunmak<\/li>\n\n\n\n<li>Fikri m\u00fclkiyet veya gizlilik haklar\u0131n\u0131n ihlali<\/li>\n\n\n\n<li>Zararl\u0131 kod veya k\u00f6t\u00fc ama\u00e7l\u0131 yaz\u0131l\u0131m y\u00fcklemek veya da\u011f\u0131tmak<\/li>\n\n\n\n<li>Bireyleri veya kurulu\u015flar\u0131 taklit etmek<\/li>\n\n\n\n<li>R\u0131za olmadan veri toplama<\/li>\n\n\n\n<li>Yan\u0131lt\u0131c\u0131 veya yetkisiz i\u00e7erik yaymak<\/li>\n\n\n\n<li>Ba\u015fkalar\u0131n\u0131 taciz etmek, tehdit etmek veya iftira atmak<\/li>\n\n\n\n<li>Platform operasyonlar\u0131na m\u00fcdahale etmeye veya zarar vermeye te\u015febb\u00fcs etmek<\/li>\n<\/ul>\n\n\n\n<p>\u0130hlaller, \u00f6nceden haber verilmeksizin hesab\u0131n ask\u0131ya al\u0131nmas\u0131 veya eri\u015fimin kal\u0131c\u0131 olarak engellenmesiyle sonu\u00e7lanabilir.<\/p>\n\n\n\n<h2 class=\"wp-block-heading\">Madde V \u2013 Sorumlulu\u011fun S\u0131n\u0131rland\u0131r\u0131lmas\u0131 ve Garantiler<\/h2>\n\n\n\n<p>DrizTrail, hizmetlerini ve i\u00e7eriklerini hi\u00e7bir t\u00fcrde a\u00e7\u0131k veya z\u0131mni garanti olmaks\u0131z\u0131n &quot;oldu\u011fu gibi&quot; ve &quot;mevcut oldu\u011fu \u015fekilde&quot; sa\u011flar.<br>Kesintisiz eri\u015fim, tam do\u011fruluk veya t\u00fcm i\u00e7eri\u011fin hatas\u0131z veya t\u00fcm kullan\u0131c\u0131lar i\u00e7in uygun olaca\u011f\u0131n\u0131 garanti etmiyoruz.<br>DrizTrail, kanunen izin verilen azami \u00f6l\u00e7\u00fcde, bu sitenin veya i\u00e7eri\u011finin kullan\u0131m\u0131ndan kaynaklanan do\u011frudan veya dolayl\u0131 zararlardan sorumlu de\u011fildir.<\/p>\n\n\n\n<h2 class=\"wp-block-heading\">Madde VI \u2013 Hukuki S\u00fcre ve Talepler<\/h2>\n\n\n\n<p>Bu Kullan\u0131m Ko\u015fullar\u0131 s\u00fcresiz olarak ge\u00e7erlili\u011fini korur.<br>Platformla ilgili her t\u00fcrl\u00fc hukuki talep veya uyu\u015fmazl\u0131k, s\u00f6z konusu olay\u0131n meydana gelmesinden itibaren 90 (doksan) g\u00fcn i\u00e7inde yap\u0131lmal\u0131d\u0131r.<\/p>\n\n\n\n<h2 class=\"wp-block-heading\">Madde VII \u2013 Ge\u00e7erli Hukuk ve Yarg\u0131 Yetkisi<\/h2>\n\n\n\n<p>Bu Kullan\u0131m Ko\u015fullar\u0131 a\u015fa\u011f\u0131dakilere g\u00f6re y\u00f6netilecek ve yorumlanacakt\u0131r: <strong>Estonya Cumhuriyeti yasalar\u0131<\/strong>Bu \u015eartlar veya bu web sitesinin kullan\u0131m\u0131yla ilgili veya bunlardan kaynaklanan herhangi bir anla\u015fmazl\u0131k, ihtilaf veya talep, Estonya yasalar\u0131na uygun olarak \u00e7\u00f6z\u00fclecektir. <strong>Estonya&#039;n\u0131n Tallinn kentinde bulunan mahkemelerin m\u00fcnhas\u0131r yarg\u0131 yetkisi<\/strong>.<br>Bu madde, Estonya&#039;n\u0131n sa\u011flad\u0131\u011f\u0131 gibi yasal \u015feffafl\u0131\u011f\u0131 ve uluslararas\u0131 uyumluluk en iyi uygulamalar\u0131yla uyumu garanti eder. <em>Bor\u00e7lar Hukuku Kanunu<\/em> Ve <em>Uluslararas\u0131 \u00d6zel Hukuk Kanunu<\/em>.<\/p>\n\n\n\n<h2 class=\"wp-block-heading\">Madde VIII \u2013 Fikri M\u00fclkiyet<\/h2>\n\n\n\n<p>8.1 DrizTrail&#039;deki t\u00fcm i\u00e7erikler (etkinlik materyalleri, logolar, metinler, g\u00f6rseller ve markalama dahil) fikri m\u00fclkiyet yasas\u0131 kapsam\u0131nda korunmaktad\u0131r.<br>8.2 \u0130\u00e7eri\u011fin hi\u00e7bir b\u00f6l\u00fcm\u00fc \u00f6nceden yaz\u0131l\u0131 izin al\u0131nmaks\u0131z\u0131n \u00e7o\u011falt\u0131lamaz, yeniden da\u011f\u0131t\u0131lamaz veya ticari olarak kullan\u0131lamaz.<br>8.3 Kullan\u0131c\u0131 taraf\u0131ndan g\u00f6nderilen i\u00e7erik (\u00f6rne\u011fin, incelemeler, yorumlar, foto\u011fraflar) kullan\u0131c\u0131n\u0131n sorumlulu\u011fundad\u0131r. DrizTrail, uygunsuz veya yasa d\u0131\u015f\u0131 oldu\u011fu d\u00fc\u015f\u00fcn\u00fclen herhangi bir i\u00e7eri\u011fi kald\u0131rma hakk\u0131n\u0131 sakl\u0131 tutar.<\/p>\n\n\n\n<h2 class=\"wp-block-heading\">Madde IX \u2013 \u015eartlarda De\u011fi\u015fiklikler<\/h2>\n\n\n\n<p>DrizTrail, bu Kullan\u0131m Ko\u015fullar\u0131n\u0131 \u00f6nceden haber vermeksizin herhangi bir zamanda g\u00fcncelleyebilir veya de\u011fi\u015ftirebilir.<br>Bu sayfay\u0131 d\u00fczenli olarak incelemek sizin sorumlulu\u011funuzdad\u0131r. Platformun kullan\u0131lmaya devam edilmesi, de\u011fi\u015fikliklerin kabul edildi\u011fi anlam\u0131na gelir.<\/p>\n\n\n\n<h2 class=\"wp-block-heading\">Madde X \u2013 \u0130leti\u015fim<\/h2>\n\n\n\n<p>Bu Kullan\u0131m Ko\u015fullar\u0131 ile ilgili sorular\u0131n\u0131z veya endi\u015feleriniz varsa l\u00fctfen bizimle \u015fu adresten ileti\u015fime ge\u00e7in:<br><a>https:\/\/driztrail.com\/contact<\/a><br>E-posta: <a>destek@driztrail.com<\/a> <\/p>\n\n\n\n<p><strong>BU \u015eARTLARI KABUL ETM\u0130YORSANIZ L\u00dcTFEN DRIZTRAIL VE H\u0130ZMETLER\u0130N\u0130 KULLANMAKTAN KA\u00c7ININ.<\/strong><\/p>","protected":false},"excerpt":{"rendered":"<p>Son g\u00fcncelleme: 29 Haziran 2025 DrizTrail (https:\/\/driztrail.com), patika yar\u0131\u015flar\u0131, dayan\u0131kl\u0131l\u0131k m\u00fccadeleleri ve \u00e7ok sporlu deneyimler gibi spor etkinliklerini d\u00fczenlemeye ve tan\u0131tmaya adanm\u0131\u015f ba\u011f\u0131ms\u0131z bir platformdur. Bu web sitesine eri\u015ferek veya bu web sitesini kullanarak, a\u015fa\u011f\u0131da belirtilen h\u00fck\u00fcm, ko\u015ful ve politikalara uymay\u0131 kabul etmi\u015f olursunuz. Bu Kullan\u0131m Ko\u015fullar\u0131, [\u2026]<\/p>","protected":false},"author":198,"featured_media":0,"parent":0,"menu_order":0,"comment_status":"closed","ping_status":"closed","template":"","meta":{"footnotes":""},"_links":{"self":[{"href":"https:\/\/driztrail.com\/tr\/wp-json\/wp\/v2\/pages\/97"}],"collection":[{"href":"https:\/\/driztrail.com\/tr\/wp-json\/wp\/v2\/pages"}],"about":[{"href":"https:\/\/driztrail.com\/tr\/wp-json\/wp\/v2\/types\/page"}],"author":[{"embeddable":true,"href":"https:\/\/driztrail.com\/tr\/wp-json\/wp\/v2\/users\/198"}],"replies":[{"embeddable":true,"href":"https:\/\/driztrail.com\/tr\/wp-json\/wp\/v2\/comments?post=97"}],"version-history":[{"count":2,"href":"https:\/\/driztrail.com\/tr\/wp-json\/wp\/v2\/pages\/97\/revisions"}],"predecessor-version":[{"id":813,"href":"https:\/\/driztrail.com\/tr\/wp-json\/wp\/v2\/pages\/97\/revisions\/813"}],"wp:attachment":[{"href":"https:\/\/driztrail.com\/tr\/wp-json\/wp\/v2\/media?parent=97"}],"curies":[{"name":"wp","href":"https:\/\/api.w.org\/{rel}","templated":true}]}}