    {"id":100,"date":"2025-06-29T14:49:48","date_gmt":"2025-06-29T14:49:48","guid":{"rendered":"https:\/\/driztrail.com\/?page_id=100"},"modified":"2025-11-28T15:49:59","modified_gmt":"2025-11-28T15:49:59","slug":"about-us","status":"publish","type":"page","link":"https:\/\/driztrail.com\/vi\/about-us\/","title":{"rendered":"Gi\u1edbi thi\u1ec7u v\u1ec1 ch\u00fang t\u00f4i"},"content":{"rendered":"<h1 class=\"wp-block-heading\"><\/h1>\n\n\n\n<p><strong>Ch\u00e0o m\u1eebng \u0111\u1ebfn v\u1edbi DrizTrail \u2014 n\u01a1i s\u1ef1 t\u00f2 m\u00f2 g\u1eb7p g\u1ee1 s\u1ef1 r\u00f5 r\u00e0ng, v\u00e0 m\u1ecdi hi\u1ec3u bi\u1ebft \u0111\u1ec1u d\u1eabn \u0111\u1ebfn kh\u00e1m ph\u00e1.<\/strong><br>Cho d\u00f9 b\u1ea1n \u0111am m\u00ea thi\u00ean nhi\u00ean, b\u1ecb c\u00f4ng ngh\u1ec7 h\u1ea5p d\u1eabn, b\u1ecb ti\u1ebfp th\u1ecb th\u00fac \u0111\u1ea9y, \u0111\u01b0\u1ee3c truy\u1ec1n c\u1ea3m h\u1ee9ng b\u1edfi s\u1ef1 \u0111\u1ed5i m\u1edbi hay b\u1ecb thu h\u00fat b\u1edfi h\u00e0nh vi con ng\u01b0\u1eddi, DrizTrail s\u1ebd lu\u00f4n \u0111\u1ed3ng h\u00e0nh c\u00f9ng b\u1ea1n tr\u00ean h\u00e0nh tr\u00ecnh kh\u00e1m ph\u00e1 nh\u1eefng \u00fd t\u01b0\u1edfng \u0111\u1ecbnh h\u00ecnh th\u1ebf gi\u1edbi.<\/p>\n\n\n\n<h2 class=\"wp-block-heading\"><strong>\u0110i\u1ec1u g\u00ec l\u00e0m ch\u00fang ta c\u1ea3m \u0111\u1ed9ng<\/strong><\/h2>\n\n\n\n<p>T\u1ea1i DrizTrail, ch\u00fang t\u00f4i tin r\u1eb1ng ki\u1ebfn th\u1ee9c kh\u00f4ng ch\u1ec9 l\u00e0 th\u00f4ng tin \u2014 \u0111\u00f3 l\u00e0 c\u00e1ch \u0111\u1ec3 kh\u00e1m ph\u00e1 c\u00e1ch th\u1ebf gi\u1edbi v\u1eadn h\u00e0nh.<br>S\u1ee9 m\u1ec7nh c\u1ee7a ch\u00fang t\u00f4i r\u1ea5t \u0111\u01a1n gi\u1ea3n: t\u1ea1o ra c\u00e1c b\u00e0i vi\u1ebft d\u1ec5 hi\u1ec3u, \u0111\u01b0\u1ee3c bi\u00ean so\u1ea1n k\u1ef9 l\u01b0\u1ee1ng, k\u1ebft n\u1ed1i nhi\u1ec1u ch\u1ee7 \u0111\u1ec1 \u0111a d\u1ea1ng nh\u01b0 thi\u00ean nhi\u00ean, ti\u1ebfp th\u1ecb, c\u00f4ng ngh\u1ec7, \u0111\u1ed5i m\u1edbi v\u00e0 h\u00e0nh vi theo c\u00e1ch c\u00f3 \u00fd ngh\u0129a.<\/p>\n\n\n\n<p>M\u1ee5c ti\u00eau c\u1ee7a ch\u00fang t\u00f4i l\u00e0 kh\u01a1i d\u1eady s\u1ef1 t\u00f2 m\u00f2, khuy\u1ebfn kh\u00edch t\u01b0 duy ph\u1ea3n bi\u1ec7n v\u00e0 cung c\u1ea5p g\u00f3c nh\u00ecn gi\u00fap ng\u01b0\u1eddi \u0111\u1ecdc \u0111\u1ecbnh h\u01b0\u1edbng trong m\u1ed9t th\u1ebf gi\u1edbi lu\u00f4n thay \u0111\u1ed5i \u2014 t\u1eebng hi\u1ec3u bi\u1ebft m\u1ed9t.<\/p>\n\n\n\n<h2 class=\"wp-block-heading\"><strong>Ch\u00fang t\u00f4i l\u00e0 ai<\/strong><\/h2>\n\n\n\n<p>Ch\u00fang t\u00f4i l\u00e0 m\u1ed9t nh\u00f3m c\u00e1c nh\u00e0 v\u0103n, nh\u00e0 nghi\u00ean c\u1ee9u v\u00e0 ng\u01b0\u1eddi s\u00e1ng t\u1ea1o th\u00edch bi\u1ebfn nh\u1eefng \u00fd t\u01b0\u1edfng ph\u1ee9c t\u1ea1p th\u00e0nh n\u1ed9i dung cung c\u1ea5p th\u00f4ng tin, truy\u1ec1n c\u1ea3m h\u1ee9ng v\u00e0 thu h\u00fat.<br>DrizTrail ra \u0111\u1eddi t\u1eeb mong mu\u1ed1n k\u1ebft h\u1ee3p ph\u01b0\u01a1ng th\u1ee9c giao ti\u1ebfp d\u1ec5 hi\u1ec3u v\u1edbi ki\u1ebfn th\u1ee9c \u0111a ng\u00e0nh \u2014 t\u1eeb kh\u00e1i ni\u1ec7m v\u1ec1 m\u00f4i tr\u01b0\u1eddng \u0111\u1ebfn xu h\u01b0\u1edbng s\u1ed1, t\u1eeb h\u00e0nh vi con ng\u01b0\u1eddi \u0111\u1ebfn c\u00f4ng ngh\u1ec7 m\u1edbi n\u1ed5i.<\/p>\n\n\n\n<p>M\u1ed7i b\u00e0i vi\u1ebft \u0111\u1ec1u \u0111\u01b0\u1ee3c ph\u00e1t tri\u1ec3n m\u1ed9t c\u00e1ch r\u00f5 r\u00e0ng, c\u00f3 tr\u00e1ch nhi\u1ec7m v\u00e0 t\u00ednh ch\u00ednh tr\u1ef1c trong bi\u00ean t\u1eadp, c\u00e2n b\u1eb1ng gi\u1eefa t\u00ednh li\u00ean quan v\u00e0 t\u00ednh ch\u00ednh x\u00e1c.<\/p>\n\n\n\n<p>Ch\u00fang t\u00f4i coi tr\u1ecdng s\u1ef1 bao h\u00e0m, minh b\u1ea1ch v\u00e0 n\u1ed9i dung s\u00e2u s\u1eafc \u2014 v\u00e0 ch\u00fang t\u00f4i cam k\u1ebft cung c\u1ea5p c\u00e1c b\u00e0i vi\u1ebft \u0111\u00e1ng tin c\u1eady, c\u00f3 c\u1ea5u tr\u00fac t\u1ed1t cho \u0111\u1ed9c gi\u1ea3 \u1edf m\u1ecdi ho\u00e0n c\u1ea3nh.<\/p>\n\n\n\n<h2 class=\"wp-block-heading\"><strong>Tham gia cu\u1ed9c h\u00e0nh tr\u00ecnh<\/strong><\/h2>\n\n\n\n<p>B\u1ea1n c\u00f3 ch\u1ee7 \u0111\u1ec1 n\u00e0o mu\u1ed1n \u0111\u01b0\u1ee3c kh\u00e1m ph\u00e1 kh\u00f4ng? B\u1ea1n mu\u1ed1n c\u1ed9ng t\u00e1c, \u0111\u00f3ng g\u00f3p ho\u1eb7c chia s\u1ebb quan \u0111i\u1ec3m c\u1ee7a m\u00ecnh? Ch\u00fang t\u00f4i r\u1ea5t mong nh\u1eadn \u0111\u01b0\u1ee3c ph\u1ea3n h\u1ed3i t\u1eeb b\u1ea1n.<br>DrizTrail ph\u00e1t tri\u1ec3n nh\u1edd ti\u1ebfng n\u00f3i c\u1ee7a nh\u1eefng ng\u01b0\u1eddi tin v\u00e0o n\u1ed9i dung c\u00f3 m\u1ee5c \u0111\u00edch \u2014 v\u00e0 trong \u0111\u00f3 c\u00f3 b\u1ea1n.<\/p>\n\n\n\n<p>H\u00e3y c\u00f9ng nhau ti\u1ebfn xa h\u01a1n n\u1eefa \u2014 t\u1eebng \u00fd t\u01b0\u1edfng, t\u1eebng hi\u1ec3u bi\u1ebft, t\u1eebng b\u00e0i \u0111\u1ecdc c\u00f3 \u00fd ngh\u0129a.<\/p>","protected":false},"excerpt":{"rendered":"<p>Welcome to DrizTrail \u2014 where curiosity meets clarity, and every insight leads to discovery.Whether you\u2019re passionate about nature, fascinated by technology, driven by marketing, inspired by innovation, or intrigued by human behavior, DrizTrail is here to guide your journey through ideas that shape the world. What moves us At DrizTrail, we believe knowledge is more [&hellip;]<\/p>","protected":false},"author":198,"featured_media":0,"parent":0,"menu_order":0,"comment_status":"closed","ping_status":"closed","template":"","meta":{"footnotes":""},"_links":{"self":[{"href":"https:\/\/driztrail.com\/vi\/wp-json\/wp\/v2\/pages\/100"}],"collection":[{"href":"https:\/\/driztrail.com\/vi\/wp-json\/wp\/v2\/pages"}],"about":[{"href":"https:\/\/driztrail.com\/vi\/wp-json\/wp\/v2\/types\/page"}],"author":[{"embeddable":true,"href":"https:\/\/driztrail.com\/vi\/wp-json\/wp\/v2\/users\/198"}],"replies":[{"embeddable":true,"href":"https:\/\/driztrail.com\/vi\/wp-json\/wp\/v2\/comments?post=100"}],"version-history":[{"count":2,"href":"https:\/\/driztrail.com\/vi\/wp-json\/wp\/v2\/pages\/100\/revisions"}],"predecessor-version":[{"id":1075,"href":"https:\/\/driztrail.com\/vi\/wp-json\/wp\/v2\/pages\/100\/revisions\/1075"}],"wp:attachment":[{"href":"https:\/\/driztrail.com\/vi\/wp-json\/wp\/v2\/media?parent=100"}],"curies":[{"name":"wp","href":"https:\/\/api.w.org\/{rel}","templated":true}]}}